{"id":7851,"date":"2025-09-13T16:37:01","date_gmt":"2025-09-13T16:37:01","guid":{"rendered":"https:\/\/pauthaiyoga.com\/?page_id=7851"},"modified":"2025-09-13T16:37:03","modified_gmt":"2025-09-13T16:37:03","slug":"osteothai","status":"publish","type":"page","link":"https:\/\/pauthaiyoga.com\/es\/osteothai\/","title":{"rendered":"Osteothai"},"content":{"rendered":"\n<p>El <a href=\"https:\/\/lulyani.com\/\">Osteothai<\/a> es una t\u00e9cnica terap\u00e9utica nacida en Francia, creada por oste\u00f3patas que integraron las t\u00e9cnicas del masaje tailand\u00e9s tradicional en la pr\u00e1ctica de la osteopat\u00eda.<br>Se realiza sobre un fut\u00f3n amplio en el suelo, lo que permite trabajar con todo el cuerpo del terapeuta para lograr un contacto profundo, suave y respetuoso.<\/p>\n\n\n\n<p>En una sesi\u00f3n de Osteothai se combinan:<\/p>\n\n\n\n<ul class=\"wp-block-list\">\n<li>T\u00e9cnicas de osteopat\u00eda estructural (articulaciones, huesos, m\u00fasculos y tendones).<\/li>\n\n\n\n<li>Enfoque visceral, que ayuda a liberar tensiones internas.<\/li>\n\n\n\n<li>Trabajo con los fluidos corporales, mejorando la circulaci\u00f3n y la vitalidad.<\/li>\n<\/ul>\n\n\n\n<figure class=\"wp-block-video\"><video height=\"1350\" style=\"aspect-ratio: 1080 \/ 1350;\" width=\"1080\" controls src=\"https:\/\/pauthaiyoga.com\/wp-content\/uploads\/2015\/01\/Thai-Massage.mp4\"><\/video><\/figure>\n\n\n\n<p>Gracias a esta integraci\u00f3n, el Osteothai activa el sistema nervioso parasimp\u00e1tico, favoreciendo los procesos naturales de autosanaci\u00f3n del cuerpo, la relajaci\u00f3n profunda y el equilibrio global.<\/p>\n\n\n\n<p>Se adapta a todas las edades y condiciones f\u00edsicas. Est\u00e1 indicado tanto en dolencias espec\u00edficas (dolor lumbar, rigidez cervical, molestias digestivas, tensi\u00f3n muscular, bloqueos articulares) como en sesiones de bienestar general, donde el cuerpo se estira, se flexiona y se libera con suavidad, generando una sensaci\u00f3n de ligereza y amplitud.<\/p>\n\n\n\n<hr class=\"wp-block-separator has-alpha-channel-opacity\"\/>\n\n\n\n<p>Si quieres m\u00e1s informaci\u00f3n o quieres reservar una sesi\u00f3n en Sant Joan d\u2019Alacant (Alicante), puedes contactar al n\u00famero <a href=\"https:\/\/wa.me\/34652894838\" target=\"_blank\" rel=\"noreferrer noopener\">652894838<\/a> (tambi\u00e9n por WhatsApp)<\/p>\n","protected":false},"excerpt":{"rendered":"<p>El Osteothai es una t\u00e9cnica terap\u00e9utica nacida en Francia, creada por oste\u00f3patas que integraron las t\u00e9cnicas del masaje tailand\u00e9s tradicional en la pr\u00e1ctica de la osteopat\u00eda.Se realiza sobre un fut\u00f3n amplio en el suelo, lo que permite trabajar con todo el cuerpo del terapeuta para lograr un contacto profundo, suave y respetuoso. En una sesi\u00f3n de Osteothai se combinan: Gracias a esta integraci\u00f3n, el Osteothai activa el sistema nervioso parasimp\u00e1tico, favoreciendo los procesos naturales de [&hellip;]<\/p>\n","protected":false},"author":1,"featured_media":0,"parent":0,"menu_order":0,"comment_status":"closed","ping_status":"closed","template":"","meta":{"jetpack_post_was_ever_published":false,"inspiro_page_layout":"narrow","inspiro_hide_title":false,"footnotes":""},"class_list":["post-7851","page","type-page","status-publish","hentry"],"yoast_head":"<!-- This site is optimized with the Yoast SEO plugin v25.7 - https:\/\/yoast.com\/wordpress\/plugins\/seo\/ -->\n<title>Osteothai - PauThaiYoga - Yoga y Masaje Tailand\u00e9s<\/title>\n<meta name=\"robots\" content=\"index, follow, max-snippet:-1, max-image-preview:large, max-video-preview:-1\" \/>\n<link rel=\"canonical\" href=\"https:\/\/pauthaiyoga.com\/es\/osteothai\/\" \/>\n<meta property=\"og:locale\" content=\"es_ES\" \/>\n<meta property=\"og:type\" content=\"article\" \/>\n<meta property=\"og:title\" content=\"Osteothai - PauThaiYoga - Yoga y Masaje Tailand\u00e9s\" \/>\n<meta property=\"og:description\" content=\"El Osteothai es una t\u00e9cnica terap\u00e9utica nacida en Francia, creada por oste\u00f3patas que integraron las t\u00e9cnicas del masaje tailand\u00e9s tradicional en la pr\u00e1ctica de la osteopat\u00eda.Se realiza sobre un fut\u00f3n amplio en el suelo, lo que permite trabajar con todo el cuerpo del terapeuta para lograr un contacto profundo, suave y respetuoso. En una sesi\u00f3n de Osteothai se combinan: Gracias a esta integraci\u00f3n, el Osteothai activa el sistema nervioso parasimp\u00e1tico, favoreciendo los procesos naturales de [&hellip;]\" \/>\n<meta property=\"og:url\" content=\"https:\/\/pauthaiyoga.com\/es\/osteothai\/\" \/>\n<meta property=\"og:site_name\" content=\"PauThaiYoga - Yoga y Masaje Tailand\u00e9s\" \/>\n<meta property=\"article:modified_time\" content=\"2025-09-13T16:37:03+00:00\" \/>\n<meta name=\"twitter:card\" content=\"summary_large_image\" \/>\n<meta name=\"twitter:label1\" content=\"Est. reading time\" \/>\n\t<meta name=\"twitter:data1\" content=\"1 minuto\" \/>\n<script type=\"application\/ld+json\" class=\"yoast-schema-graph\">{\"@context\":\"https:\/\/schema.org\",\"@graph\":[{\"@type\":\"WebPage\",\"@id\":\"https:\/\/pauthaiyoga.com\/es\/osteothai\/\",\"url\":\"https:\/\/pauthaiyoga.com\/es\/osteothai\/\",\"name\":\"Osteothai - PauThaiYoga - Yoga y Masaje Tailand\u00e9s\",\"isPartOf\":{\"@id\":\"https:\/\/pauthaiyoga.com\/es\/#website\"},\"datePublished\":\"2025-09-13T16:37:01+00:00\",\"dateModified\":\"2025-09-13T16:37:03+00:00\",\"breadcrumb\":{\"@id\":\"https:\/\/pauthaiyoga.com\/es\/osteothai\/#breadcrumb\"},\"inLanguage\":\"es\",\"potentialAction\":[{\"@type\":\"ReadAction\",\"target\":[\"https:\/\/pauthaiyoga.com\/es\/osteothai\/\"]}]},{\"@type\":\"BreadcrumbList\",\"@id\":\"https:\/\/pauthaiyoga.com\/es\/osteothai\/#breadcrumb\",\"itemListElement\":[{\"@type\":\"ListItem\",\"position\":1,\"name\":\"Portada\",\"item\":\"https:\/\/pauthaiyoga.com\/es\/\"},{\"@type\":\"ListItem\",\"position\":2,\"name\":\"Osteothai\"}]},{\"@type\":\"WebSite\",\"@id\":\"https:\/\/pauthaiyoga.com\/es\/#website\",\"url\":\"https:\/\/pauthaiyoga.com\/es\/\",\"name\":\"PauThaiYoga - Yoga y Masaje Tailand\u00e9s\",\"description\":\"Hatha Yoga y Masaje Tailand\u00e9s en San Juan de Alicante\",\"publisher\":{\"@id\":\"https:\/\/pauthaiyoga.com\/es\/#organization\"},\"potentialAction\":[{\"@type\":\"SearchAction\",\"target\":{\"@type\":\"EntryPoint\",\"urlTemplate\":\"https:\/\/pauthaiyoga.com\/es\/?s={search_term_string}\"},\"query-input\":{\"@type\":\"PropertyValueSpecification\",\"valueRequired\":true,\"valueName\":\"search_term_string\"}}],\"inLanguage\":\"es\"},{\"@type\":\"Organization\",\"@id\":\"https:\/\/pauthaiyoga.com\/es\/#organization\",\"name\":\"PauThaiYoga - Yoga y Masaje Tailand\u00e9s\",\"url\":\"https:\/\/pauthaiyoga.com\/es\/\",\"logo\":{\"@type\":\"ImageObject\",\"inLanguage\":\"es\",\"@id\":\"https:\/\/pauthaiyoga.com\/es\/#\/schema\/logo\/image\/\",\"url\":\"https:\/\/pauthaiyoga.com\/wp-content\/uploads\/2023\/07\/logo-pauthaiyoga-2-e1688898788956.png\",\"contentUrl\":\"https:\/\/pauthaiyoga.com\/wp-content\/uploads\/2023\/07\/logo-pauthaiyoga-2-e1688898788956.png\",\"width\":558,\"height\":120,\"caption\":\"PauThaiYoga - Yoga y Masaje Tailand\u00e9s\"},\"image\":{\"@id\":\"https:\/\/pauthaiyoga.com\/es\/#\/schema\/logo\/image\/\"}}]}<\/script>\n<!-- \/ Yoast SEO plugin. -->","yoast_head_json":{"title":"Osteothai - PauThaiYoga - Yoga y Masaje Tailand\u00e9s","robots":{"index":"index","follow":"follow","max-snippet":"max-snippet:-1","max-image-preview":"max-image-preview:large","max-video-preview":"max-video-preview:-1"},"canonical":"https:\/\/pauthaiyoga.com\/es\/osteothai\/","og_locale":"es_ES","og_type":"article","og_title":"Osteothai - PauThaiYoga - Yoga y Masaje Tailand\u00e9s","og_description":"El Osteothai es una t\u00e9cnica terap\u00e9utica nacida en Francia, creada por oste\u00f3patas que integraron las t\u00e9cnicas del masaje tailand\u00e9s tradicional en la pr\u00e1ctica de la osteopat\u00eda.Se realiza sobre un fut\u00f3n amplio en el suelo, lo que permite trabajar con todo el cuerpo del terapeuta para lograr un contacto profundo, suave y respetuoso. En una sesi\u00f3n de Osteothai se combinan: Gracias a esta integraci\u00f3n, el Osteothai activa el sistema nervioso parasimp\u00e1tico, favoreciendo los procesos naturales de [&hellip;]","og_url":"https:\/\/pauthaiyoga.com\/es\/osteothai\/","og_site_name":"PauThaiYoga - Yoga y Masaje Tailand\u00e9s","article_modified_time":"2025-09-13T16:37:03+00:00","twitter_card":"summary_large_image","twitter_misc":{"Est. reading time":"1 minuto"},"schema":{"@context":"https:\/\/schema.org","@graph":[{"@type":"WebPage","@id":"https:\/\/pauthaiyoga.com\/es\/osteothai\/","url":"https:\/\/pauthaiyoga.com\/es\/osteothai\/","name":"Osteothai - PauThaiYoga - Yoga y Masaje Tailand\u00e9s","isPartOf":{"@id":"https:\/\/pauthaiyoga.com\/es\/#website"},"datePublished":"2025-09-13T16:37:01+00:00","dateModified":"2025-09-13T16:37:03+00:00","breadcrumb":{"@id":"https:\/\/pauthaiyoga.com\/es\/osteothai\/#breadcrumb"},"inLanguage":"es","potentialAction":[{"@type":"ReadAction","target":["https:\/\/pauthaiyoga.com\/es\/osteothai\/"]}]},{"@type":"BreadcrumbList","@id":"https:\/\/pauthaiyoga.com\/es\/osteothai\/#breadcrumb","itemListElement":[{"@type":"ListItem","position":1,"name":"Portada","item":"https:\/\/pauthaiyoga.com\/es\/"},{"@type":"ListItem","position":2,"name":"Osteothai"}]},{"@type":"WebSite","@id":"https:\/\/pauthaiyoga.com\/es\/#website","url":"https:\/\/pauthaiyoga.com\/es\/","name":"PauThaiYoga - Yoga y Masaje Tailand\u00e9s","description":"Hatha Yoga y Masaje Tailand\u00e9s en San Juan de Alicante","publisher":{"@id":"https:\/\/pauthaiyoga.com\/es\/#organization"},"potentialAction":[{"@type":"SearchAction","target":{"@type":"EntryPoint","urlTemplate":"https:\/\/pauthaiyoga.com\/es\/?s={search_term_string}"},"query-input":{"@type":"PropertyValueSpecification","valueRequired":true,"valueName":"search_term_string"}}],"inLanguage":"es"},{"@type":"Organization","@id":"https:\/\/pauthaiyoga.com\/es\/#organization","name":"PauThaiYoga - Yoga y Masaje Tailand\u00e9s","url":"https:\/\/pauthaiyoga.com\/es\/","logo":{"@type":"ImageObject","inLanguage":"es","@id":"https:\/\/pauthaiyoga.com\/es\/#\/schema\/logo\/image\/","url":"https:\/\/pauthaiyoga.com\/wp-content\/uploads\/2023\/07\/logo-pauthaiyoga-2-e1688898788956.png","contentUrl":"https:\/\/pauthaiyoga.com\/wp-content\/uploads\/2023\/07\/logo-pauthaiyoga-2-e1688898788956.png","width":558,"height":120,"caption":"PauThaiYoga - Yoga y Masaje Tailand\u00e9s"},"image":{"@id":"https:\/\/pauthaiyoga.com\/es\/#\/schema\/logo\/image\/"}}]}},"jetpack_sharing_enabled":true,"jetpack_shortlink":"https:\/\/wp.me\/P9T4uJ-22D","_links":{"self":[{"href":"https:\/\/pauthaiyoga.com\/es\/wp-json\/wp\/v2\/pages\/7851","targetHints":{"allow":["GET"]}}],"collection":[{"href":"https:\/\/pauthaiyoga.com\/es\/wp-json\/wp\/v2\/pages"}],"about":[{"href":"https:\/\/pauthaiyoga.com\/es\/wp-json\/wp\/v2\/types\/page"}],"author":[{"embeddable":true,"href":"https:\/\/pauthaiyoga.com\/es\/wp-json\/wp\/v2\/users\/1"}],"replies":[{"embeddable":true,"href":"https:\/\/pauthaiyoga.com\/es\/wp-json\/wp\/v2\/comments?post=7851"}],"version-history":[{"count":1,"href":"https:\/\/pauthaiyoga.com\/es\/wp-json\/wp\/v2\/pages\/7851\/revisions"}],"predecessor-version":[{"id":7852,"href":"https:\/\/pauthaiyoga.com\/es\/wp-json\/wp\/v2\/pages\/7851\/revisions\/7852"}],"wp:attachment":[{"href":"https:\/\/pauthaiyoga.com\/es\/wp-json\/wp\/v2\/media?parent=7851"}],"curies":[{"name":"wp","href":"https:\/\/api.w.org\/{rel}","templated":true}]}}