{"id":6421,"date":"2024-05-12T04:51:46","date_gmt":"2024-05-12T04:51:46","guid":{"rendered":"https:\/\/pauthaiyoga.com\/?page_id=6421"},"modified":"2024-05-18T04:24:57","modified_gmt":"2024-05-18T04:24:57","slug":"masaje-metta","status":"publish","type":"page","link":"https:\/\/pauthaiyoga.com\/es\/masaje-metta\/","title":{"rendered":"Masaje Metta"},"content":{"rendered":"\n<p>\u00abMetta\u00bb es una palabra de origen pali, idioma en el que estaban escritos los textos budistas, que significa literalmente amor incondicional.<\/p>\n\n\n\n<p>Metta Massage es una t\u00e9cnica que <strong>utiliza como base el masaje tailand\u00e9s<\/strong>. Desde esta perspectiva, donde el cuerpo se moviliza, se estira en todas direcciones, se descontractura y se abraza; se une el principio de Metta, el cuidado, el respeto y el amor que el masajista va a poner en pr\u00e1ctica durante la sesi\u00f3n.<\/p>\n\n\n\n<p>El masaje tailand\u00e9s no se entiende sin la filosof\u00eda Budista; no se entiende sin los principios de Metta (amor incondicional), Karuna (compasi\u00f3n), Mudita (alegr\u00eda) y Upekka (ecuanimidad). Desde estos principios es el lugar de partida del masaje.<\/p>\n\n\n\n<div class=\"wp-block-jetpack-tiled-gallery aligncenter is-style-rectangular\"><div class=\"\"><div class=\"tiled-gallery__gallery\"><div class=\"tiled-gallery__row\"><div class=\"tiled-gallery__col\" style=\"flex-basis:19.33881%\"><figure class=\"tiled-gallery__item\"><img decoding=\"async\" srcset=\"https:\/\/i2.wp.com\/pauthaiyoga.com\/wp-content\/uploads\/2024\/05\/MG_0026b-707x1024.jpg?strip=info&#038;w=600&#038;ssl=1 600w,https:\/\/i2.wp.com\/pauthaiyoga.com\/wp-content\/uploads\/2024\/05\/MG_0026b-707x1024.jpg?strip=info&#038;w=900&#038;ssl=1 900w,https:\/\/i2.wp.com\/pauthaiyoga.com\/wp-content\/uploads\/2024\/05\/MG_0026b-707x1024.jpg?strip=info&#038;w=1200&#038;ssl=1 1200w,https:\/\/i2.wp.com\/pauthaiyoga.com\/wp-content\/uploads\/2024\/05\/MG_0026b-707x1024.jpg?strip=info&#038;w=1500&#038;ssl=1 1500w,https:\/\/i2.wp.com\/pauthaiyoga.com\/wp-content\/uploads\/2024\/05\/MG_0026b-707x1024.jpg?strip=info&#038;w=1727&#038;ssl=1 1727w\" alt=\"\" data-height=\"2500\" data-id=\"6473\" data-link=\"https:\/\/pauthaiyoga.com\/?attachment_id=6473\" data-url=\"https:\/\/pauthaiyoga.com\/wp-content\/uploads\/2024\/05\/MG_0026b-707x1024.jpg\" data-width=\"1727\" src=\"https:\/\/i2.wp.com\/pauthaiyoga.com\/wp-content\/uploads\/2024\/05\/MG_0026b-707x1024.jpg?ssl=1\" data-amp-layout=\"responsive\"\/><\/figure><\/div><div class=\"tiled-gallery__col\" style=\"flex-basis:41.89530%\"><figure class=\"tiled-gallery__item\"><img decoding=\"async\" srcset=\"https:\/\/i0.wp.com\/pauthaiyoga.com\/wp-content\/uploads\/2024\/05\/MG_0002cw-1024x683.jpg?strip=info&#038;w=600&#038;ssl=1 600w,https:\/\/i0.wp.com\/pauthaiyoga.com\/wp-content\/uploads\/2024\/05\/MG_0002cw-1024x683.jpg?strip=info&#038;w=900&#038;ssl=1 900w,https:\/\/i0.wp.com\/pauthaiyoga.com\/wp-content\/uploads\/2024\/05\/MG_0002cw-1024x683.jpg?strip=info&#038;w=1200&#038;ssl=1 1200w,https:\/\/i0.wp.com\/pauthaiyoga.com\/wp-content\/uploads\/2024\/05\/MG_0002cw-1024x683.jpg?strip=info&#038;w=1500&#038;ssl=1 1500w,https:\/\/i0.wp.com\/pauthaiyoga.com\/wp-content\/uploads\/2024\/05\/MG_0002cw-1024x683.jpg?strip=info&#038;w=1800&#038;ssl=1 1800w,https:\/\/i0.wp.com\/pauthaiyoga.com\/wp-content\/uploads\/2024\/05\/MG_0002cw-1024x683.jpg?strip=info&#038;w=2000&#038;ssl=1 2000w\" alt=\"\" data-height=\"1707\" data-id=\"6474\" data-link=\"https:\/\/pauthaiyoga.com\/?attachment_id=6474\" data-url=\"https:\/\/pauthaiyoga.com\/wp-content\/uploads\/2024\/05\/MG_0002cw-1024x683.jpg\" data-width=\"2560\" src=\"https:\/\/i0.wp.com\/pauthaiyoga.com\/wp-content\/uploads\/2024\/05\/MG_0002cw-1024x683.jpg?ssl=1\" data-amp-layout=\"responsive\"\/><\/figure><\/div><div class=\"tiled-gallery__col\" style=\"flex-basis:18.66948%\"><figure class=\"tiled-gallery__item\"><img decoding=\"async\" srcset=\"https:\/\/i1.wp.com\/pauthaiyoga.com\/wp-content\/uploads\/2024\/05\/MG_0029b-683x1024.jpg?strip=info&#038;w=600&#038;ssl=1 600w,https:\/\/i1.wp.com\/pauthaiyoga.com\/wp-content\/uploads\/2024\/05\/MG_0029b-683x1024.jpg?strip=info&#038;w=900&#038;ssl=1 900w,https:\/\/i1.wp.com\/pauthaiyoga.com\/wp-content\/uploads\/2024\/05\/MG_0029b-683x1024.jpg?strip=info&#038;w=1200&#038;ssl=1 1200w,https:\/\/i1.wp.com\/pauthaiyoga.com\/wp-content\/uploads\/2024\/05\/MG_0029b-683x1024.jpg?strip=info&#038;w=1500&#038;ssl=1 1500w,https:\/\/i1.wp.com\/pauthaiyoga.com\/wp-content\/uploads\/2024\/05\/MG_0029b-683x1024.jpg?strip=info&#038;w=1707&#038;ssl=1 1707w\" alt=\"\" data-height=\"2560\" data-id=\"6475\" data-link=\"https:\/\/pauthaiyoga.com\/?attachment_id=6475\" data-url=\"https:\/\/pauthaiyoga.com\/wp-content\/uploads\/2024\/05\/MG_0029b-683x1024.jpg\" data-width=\"1707\" src=\"https:\/\/i1.wp.com\/pauthaiyoga.com\/wp-content\/uploads\/2024\/05\/MG_0029b-683x1024.jpg?ssl=1\" data-amp-layout=\"responsive\"\/><\/figure><\/div><div class=\"tiled-gallery__col\" style=\"flex-basis:20.09641%\"><figure class=\"tiled-gallery__item\"><img decoding=\"async\" srcset=\"https:\/\/i0.wp.com\/pauthaiyoga.com\/wp-content\/uploads\/2024\/05\/MG_0021b-735x1024.jpg?strip=info&#038;w=600&#038;ssl=1 600w,https:\/\/i0.wp.com\/pauthaiyoga.com\/wp-content\/uploads\/2024\/05\/MG_0021b-735x1024.jpg?strip=info&#038;w=900&#038;ssl=1 900w,https:\/\/i0.wp.com\/pauthaiyoga.com\/wp-content\/uploads\/2024\/05\/MG_0021b-735x1024.jpg?strip=info&#038;w=1200&#038;ssl=1 1200w,https:\/\/i0.wp.com\/pauthaiyoga.com\/wp-content\/uploads\/2024\/05\/MG_0021b-735x1024.jpg?strip=info&#038;w=1500&#038;ssl=1 1500w,https:\/\/i0.wp.com\/pauthaiyoga.com\/wp-content\/uploads\/2024\/05\/MG_0021b-735x1024.jpg?strip=info&#038;w=1800&#038;ssl=1 1800w,https:\/\/i0.wp.com\/pauthaiyoga.com\/wp-content\/uploads\/2024\/05\/MG_0021b-735x1024.jpg?strip=info&#038;w=1838&#038;ssl=1 1838w\" alt=\"\" data-height=\"2560\" data-id=\"6476\" data-link=\"https:\/\/pauthaiyoga.com\/?attachment_id=6476\" data-url=\"https:\/\/pauthaiyoga.com\/wp-content\/uploads\/2024\/05\/MG_0021b-735x1024.jpg\" data-width=\"1838\" src=\"https:\/\/i0.wp.com\/pauthaiyoga.com\/wp-content\/uploads\/2024\/05\/MG_0021b-735x1024.jpg?ssl=1\" data-amp-layout=\"responsive\"\/><\/figure><\/div><\/div><\/div><\/div><\/div>\n\n\n\n<h2 class=\"wp-block-heading\">Condiciones para poder recibirlo<\/h2>\n\n\n\n<p>El masaje metta es un masaje muy cercano e \u00edntimo (no es sexual ni sensual). La entrega del que da y el que recibe debe ser total y esto solo se puede conseguir teniendo un conocimiento previo. Por todo esto, antes de poder recibir un masaje Metta es necesario haber recibido tres sesiones de <a href=\"https:\/\/pauthaiyoga.com\/masaje-tailandes-tradicional\/\">masaje tailand\u00e9s<\/a> \/ osteothai previamente.<\/p>\n\n\n\n<hr class=\"wp-block-separator has-alpha-channel-opacity\"\/>\n\n\n\n<p>Si quieres m\u00e1s informaci\u00f3n o quieres reservar una sesi\u00f3n en Sant Joan d&#8217;Alacant (Alicante), puedes contactar al n\u00famero <a href=\"https:\/\/wa.me\/34652894838\" target=\"_blank\" rel=\"noreferrer noopener\">652894838<\/a> (tambi\u00e9n por WhatsApp)<\/p>\n","protected":false},"excerpt":{"rendered":"<p>\u00abMetta\u00bb es una palabra de origen pali, idioma en el que estaban escritos los textos budistas, que significa literalmente amor incondicional. Metta Massage es una t\u00e9cnica que utiliza como base el masaje tailand\u00e9s. Desde esta perspectiva, donde el cuerpo se moviliza, se estira en todas direcciones, se descontractura y se abraza; se une el principio de Metta, el cuidado, el respeto y el amor que el masajista va a poner en pr\u00e1ctica durante la sesi\u00f3n. [&hellip;]<\/p>\n","protected":false},"author":1,"featured_media":0,"parent":0,"menu_order":0,"comment_status":"closed","ping_status":"closed","template":"","meta":{"jetpack_post_was_ever_published":false,"inspiro_page_layout":"narrow","inspiro_hide_title":false,"footnotes":""},"class_list":["post-6421","page","type-page","status-publish","hentry"],"yoast_head":"<!-- This site is optimized with the Yoast SEO plugin v25.7 - https:\/\/yoast.com\/wordpress\/plugins\/seo\/ -->\n<title>Masaje Metta - PauThaiYoga - Yoga y Masaje Tailand\u00e9s<\/title>\n<meta name=\"robots\" content=\"index, follow, max-snippet:-1, max-image-preview:large, max-video-preview:-1\" \/>\n<link rel=\"canonical\" href=\"https:\/\/pauthaiyoga.com\/es\/masaje-metta\/\" \/>\n<meta property=\"og:locale\" content=\"es_ES\" \/>\n<meta property=\"og:type\" content=\"article\" \/>\n<meta property=\"og:title\" content=\"Masaje Metta - PauThaiYoga - Yoga y Masaje Tailand\u00e9s\" \/>\n<meta property=\"og:description\" content=\"\u00abMetta\u00bb es una palabra de origen pali, idioma en el que estaban escritos los textos budistas, que significa literalmente amor incondicional. Metta Massage es una t\u00e9cnica que utiliza como base el masaje tailand\u00e9s. Desde esta perspectiva, donde el cuerpo se moviliza, se estira en todas direcciones, se descontractura y se abraza; se une el principio de Metta, el cuidado, el respeto y el amor que el masajista va a poner en pr\u00e1ctica durante la sesi\u00f3n. [&hellip;]\" \/>\n<meta property=\"og:url\" content=\"https:\/\/pauthaiyoga.com\/es\/masaje-metta\/\" \/>\n<meta property=\"og:site_name\" content=\"PauThaiYoga - Yoga y Masaje Tailand\u00e9s\" \/>\n<meta property=\"article:modified_time\" content=\"2024-05-18T04:24:57+00:00\" \/>\n<meta property=\"og:image\" content=\"https:\/\/i2.wp.com\/pauthaiyoga.com\/wp-content\/uploads\/2024\/05\/MG_0026b-707x1024.jpg?ssl=1\" \/>\n<meta name=\"twitter:card\" content=\"summary_large_image\" \/>\n<meta name=\"twitter:label1\" content=\"Est. reading time\" \/>\n\t<meta name=\"twitter:data1\" content=\"2 minutos\" \/>\n<script type=\"application\/ld+json\" class=\"yoast-schema-graph\">{\"@context\":\"https:\/\/schema.org\",\"@graph\":[{\"@type\":\"WebPage\",\"@id\":\"https:\/\/pauthaiyoga.com\/es\/masaje-metta\/\",\"url\":\"https:\/\/pauthaiyoga.com\/es\/masaje-metta\/\",\"name\":\"Masaje Metta - PauThaiYoga - Yoga y Masaje Tailand\u00e9s\",\"isPartOf\":{\"@id\":\"https:\/\/pauthaiyoga.com\/es\/#website\"},\"primaryImageOfPage\":{\"@id\":\"https:\/\/pauthaiyoga.com\/es\/masaje-metta\/#primaryimage\"},\"image\":{\"@id\":\"https:\/\/pauthaiyoga.com\/es\/masaje-metta\/#primaryimage\"},\"thumbnailUrl\":\"https:\/\/i2.wp.com\/pauthaiyoga.com\/wp-content\/uploads\/2024\/05\/MG_0026b-707x1024.jpg?ssl=1\",\"datePublished\":\"2024-05-12T04:51:46+00:00\",\"dateModified\":\"2024-05-18T04:24:57+00:00\",\"breadcrumb\":{\"@id\":\"https:\/\/pauthaiyoga.com\/es\/masaje-metta\/#breadcrumb\"},\"inLanguage\":\"es\",\"potentialAction\":[{\"@type\":\"ReadAction\",\"target\":[\"https:\/\/pauthaiyoga.com\/es\/masaje-metta\/\"]}]},{\"@type\":\"ImageObject\",\"inLanguage\":\"es\",\"@id\":\"https:\/\/pauthaiyoga.com\/es\/masaje-metta\/#primaryimage\",\"url\":\"https:\/\/i2.wp.com\/pauthaiyoga.com\/wp-content\/uploads\/2024\/05\/MG_0026b-707x1024.jpg?ssl=1\",\"contentUrl\":\"https:\/\/i2.wp.com\/pauthaiyoga.com\/wp-content\/uploads\/2024\/05\/MG_0026b-707x1024.jpg?ssl=1\"},{\"@type\":\"BreadcrumbList\",\"@id\":\"https:\/\/pauthaiyoga.com\/es\/masaje-metta\/#breadcrumb\",\"itemListElement\":[{\"@type\":\"ListItem\",\"position\":1,\"name\":\"Portada\",\"item\":\"https:\/\/pauthaiyoga.com\/es\/\"},{\"@type\":\"ListItem\",\"position\":2,\"name\":\"Masaje Metta\"}]},{\"@type\":\"WebSite\",\"@id\":\"https:\/\/pauthaiyoga.com\/es\/#website\",\"url\":\"https:\/\/pauthaiyoga.com\/es\/\",\"name\":\"PauThaiYoga - Yoga y Masaje Tailand\u00e9s\",\"description\":\"Hatha Yoga y Masaje Tailand\u00e9s en San Juan de Alicante\",\"publisher\":{\"@id\":\"https:\/\/pauthaiyoga.com\/es\/#organization\"},\"potentialAction\":[{\"@type\":\"SearchAction\",\"target\":{\"@type\":\"EntryPoint\",\"urlTemplate\":\"https:\/\/pauthaiyoga.com\/es\/?s={search_term_string}\"},\"query-input\":{\"@type\":\"PropertyValueSpecification\",\"valueRequired\":true,\"valueName\":\"search_term_string\"}}],\"inLanguage\":\"es\"},{\"@type\":\"Organization\",\"@id\":\"https:\/\/pauthaiyoga.com\/es\/#organization\",\"name\":\"PauThaiYoga - Yoga y Masaje Tailand\u00e9s\",\"url\":\"https:\/\/pauthaiyoga.com\/es\/\",\"logo\":{\"@type\":\"ImageObject\",\"inLanguage\":\"es\",\"@id\":\"https:\/\/pauthaiyoga.com\/es\/#\/schema\/logo\/image\/\",\"url\":\"https:\/\/pauthaiyoga.com\/wp-content\/uploads\/2023\/07\/logo-pauthaiyoga-2-e1688898788956.png\",\"contentUrl\":\"https:\/\/pauthaiyoga.com\/wp-content\/uploads\/2023\/07\/logo-pauthaiyoga-2-e1688898788956.png\",\"width\":558,\"height\":120,\"caption\":\"PauThaiYoga - Yoga y Masaje Tailand\u00e9s\"},\"image\":{\"@id\":\"https:\/\/pauthaiyoga.com\/es\/#\/schema\/logo\/image\/\"}}]}<\/script>\n<!-- \/ Yoast SEO plugin. -->","yoast_head_json":{"title":"Masaje Metta - PauThaiYoga - Yoga y Masaje Tailand\u00e9s","robots":{"index":"index","follow":"follow","max-snippet":"max-snippet:-1","max-image-preview":"max-image-preview:large","max-video-preview":"max-video-preview:-1"},"canonical":"https:\/\/pauthaiyoga.com\/es\/masaje-metta\/","og_locale":"es_ES","og_type":"article","og_title":"Masaje Metta - PauThaiYoga - Yoga y Masaje Tailand\u00e9s","og_description":"\u00abMetta\u00bb es una palabra de origen pali, idioma en el que estaban escritos los textos budistas, que significa literalmente amor incondicional. Metta Massage es una t\u00e9cnica que utiliza como base el masaje tailand\u00e9s. Desde esta perspectiva, donde el cuerpo se moviliza, se estira en todas direcciones, se descontractura y se abraza; se une el principio de Metta, el cuidado, el respeto y el amor que el masajista va a poner en pr\u00e1ctica durante la sesi\u00f3n. [&hellip;]","og_url":"https:\/\/pauthaiyoga.com\/es\/masaje-metta\/","og_site_name":"PauThaiYoga - Yoga y Masaje Tailand\u00e9s","article_modified_time":"2024-05-18T04:24:57+00:00","og_image":[{"url":"https:\/\/i2.wp.com\/pauthaiyoga.com\/wp-content\/uploads\/2024\/05\/MG_0026b-707x1024.jpg?ssl=1","type":"","width":"","height":""}],"twitter_card":"summary_large_image","twitter_misc":{"Est. reading time":"2 minutos"},"schema":{"@context":"https:\/\/schema.org","@graph":[{"@type":"WebPage","@id":"https:\/\/pauthaiyoga.com\/es\/masaje-metta\/","url":"https:\/\/pauthaiyoga.com\/es\/masaje-metta\/","name":"Masaje Metta - PauThaiYoga - Yoga y Masaje Tailand\u00e9s","isPartOf":{"@id":"https:\/\/pauthaiyoga.com\/es\/#website"},"primaryImageOfPage":{"@id":"https:\/\/pauthaiyoga.com\/es\/masaje-metta\/#primaryimage"},"image":{"@id":"https:\/\/pauthaiyoga.com\/es\/masaje-metta\/#primaryimage"},"thumbnailUrl":"https:\/\/i2.wp.com\/pauthaiyoga.com\/wp-content\/uploads\/2024\/05\/MG_0026b-707x1024.jpg?ssl=1","datePublished":"2024-05-12T04:51:46+00:00","dateModified":"2024-05-18T04:24:57+00:00","breadcrumb":{"@id":"https:\/\/pauthaiyoga.com\/es\/masaje-metta\/#breadcrumb"},"inLanguage":"es","potentialAction":[{"@type":"ReadAction","target":["https:\/\/pauthaiyoga.com\/es\/masaje-metta\/"]}]},{"@type":"ImageObject","inLanguage":"es","@id":"https:\/\/pauthaiyoga.com\/es\/masaje-metta\/#primaryimage","url":"https:\/\/i2.wp.com\/pauthaiyoga.com\/wp-content\/uploads\/2024\/05\/MG_0026b-707x1024.jpg?ssl=1","contentUrl":"https:\/\/i2.wp.com\/pauthaiyoga.com\/wp-content\/uploads\/2024\/05\/MG_0026b-707x1024.jpg?ssl=1"},{"@type":"BreadcrumbList","@id":"https:\/\/pauthaiyoga.com\/es\/masaje-metta\/#breadcrumb","itemListElement":[{"@type":"ListItem","position":1,"name":"Portada","item":"https:\/\/pauthaiyoga.com\/es\/"},{"@type":"ListItem","position":2,"name":"Masaje Metta"}]},{"@type":"WebSite","@id":"https:\/\/pauthaiyoga.com\/es\/#website","url":"https:\/\/pauthaiyoga.com\/es\/","name":"PauThaiYoga - Yoga y Masaje Tailand\u00e9s","description":"Hatha Yoga y Masaje Tailand\u00e9s en San Juan de Alicante","publisher":{"@id":"https:\/\/pauthaiyoga.com\/es\/#organization"},"potentialAction":[{"@type":"SearchAction","target":{"@type":"EntryPoint","urlTemplate":"https:\/\/pauthaiyoga.com\/es\/?s={search_term_string}"},"query-input":{"@type":"PropertyValueSpecification","valueRequired":true,"valueName":"search_term_string"}}],"inLanguage":"es"},{"@type":"Organization","@id":"https:\/\/pauthaiyoga.com\/es\/#organization","name":"PauThaiYoga - Yoga y Masaje Tailand\u00e9s","url":"https:\/\/pauthaiyoga.com\/es\/","logo":{"@type":"ImageObject","inLanguage":"es","@id":"https:\/\/pauthaiyoga.com\/es\/#\/schema\/logo\/image\/","url":"https:\/\/pauthaiyoga.com\/wp-content\/uploads\/2023\/07\/logo-pauthaiyoga-2-e1688898788956.png","contentUrl":"https:\/\/pauthaiyoga.com\/wp-content\/uploads\/2023\/07\/logo-pauthaiyoga-2-e1688898788956.png","width":558,"height":120,"caption":"PauThaiYoga - Yoga y Masaje Tailand\u00e9s"},"image":{"@id":"https:\/\/pauthaiyoga.com\/es\/#\/schema\/logo\/image\/"}}]}},"jetpack_sharing_enabled":true,"jetpack_shortlink":"https:\/\/wp.me\/P9T4uJ-1Fz","_links":{"self":[{"href":"https:\/\/pauthaiyoga.com\/es\/wp-json\/wp\/v2\/pages\/6421","targetHints":{"allow":["GET"]}}],"collection":[{"href":"https:\/\/pauthaiyoga.com\/es\/wp-json\/wp\/v2\/pages"}],"about":[{"href":"https:\/\/pauthaiyoga.com\/es\/wp-json\/wp\/v2\/types\/page"}],"author":[{"embeddable":true,"href":"https:\/\/pauthaiyoga.com\/es\/wp-json\/wp\/v2\/users\/1"}],"replies":[{"embeddable":true,"href":"https:\/\/pauthaiyoga.com\/es\/wp-json\/wp\/v2\/comments?post=6421"}],"version-history":[{"count":7,"href":"https:\/\/pauthaiyoga.com\/es\/wp-json\/wp\/v2\/pages\/6421\/revisions"}],"predecessor-version":[{"id":6487,"href":"https:\/\/pauthaiyoga.com\/es\/wp-json\/wp\/v2\/pages\/6421\/revisions\/6487"}],"wp:attachment":[{"href":"https:\/\/pauthaiyoga.com\/es\/wp-json\/wp\/v2\/media?parent=6421"}],"curies":[{"name":"wp","href":"https:\/\/api.w.org\/{rel}","templated":true}]}}