{"id":628,"date":"2009-05-06T11:43:24","date_gmt":"2009-05-06T16:43:24","guid":{"rendered":"https:\/\/pauthaiyoga.com\/contact\/"},"modified":"2024-12-19T06:26:05","modified_gmt":"2024-12-19T06:26:05","slug":"contacto","status":"publish","type":"page","link":"https:\/\/pauthaiyoga.com\/es\/contacto\/","title":{"rendered":"Contacta conmigo"},"content":{"rendered":"\t\t<div data-elementor-type=\"wp-page\" data-elementor-id=\"628\" class=\"elementor elementor-628\">\n\t\t\t\t\t\t<section class=\"elementor-section elementor-top-section elementor-element elementor-element-681cfdc0 elementor-section-boxed elementor-section-height-default elementor-section-height-default\" data-id=\"681cfdc0\" data-element_type=\"section\">\n\t\t\t\t\t\t<div class=\"elementor-container elementor-column-gap-default\">\n\t\t\t\t\t\t<\/div>\n\t\t<\/section>\n\t\t\t\t<section class=\"elementor-section elementor-top-section elementor-element elementor-element-3ac0e9d0 elementor-section-boxed elementor-section-height-default elementor-section-height-default\" data-id=\"3ac0e9d0\" data-element_type=\"section\">\n\t\t\t\t\t\t<div class=\"elementor-container elementor-column-gap-default\">\n\t\t\t\t\t<div class=\"elementor-column elementor-col-100 elementor-top-column elementor-element elementor-element-2a3bfd18\" data-id=\"2a3bfd18\" data-element_type=\"column\">\n\t\t\t<div class=\"elementor-widget-wrap elementor-element-populated\">\n\t\t\t\t\t\t<div class=\"elementor-element elementor-element-3315a1a5 elementor-widget elementor-widget-heading\" data-id=\"3315a1a5\" data-element_type=\"widget\" data-widget_type=\"heading.default\">\n\t\t\t\t<div class=\"elementor-widget-container\">\n\t\t\t\t\t<h2 class=\"elementor-heading-title elementor-size-default\">CONTACTA CONMIGO<\/h2>\t\t\t\t<\/div>\n\t\t\t\t<\/div>\n\t\t\t\t\t<\/div>\n\t\t<\/div>\n\t\t\t\t\t<\/div>\n\t\t<\/section>\n\t\t\t\t<section class=\"elementor-section elementor-top-section elementor-element elementor-element-3d04c03d elementor-section-boxed elementor-section-height-default elementor-section-height-default\" data-id=\"3d04c03d\" data-element_type=\"section\">\n\t\t\t\t\t\t<div class=\"elementor-container elementor-column-gap-wider\">\n\t\t\t\t\t<div class=\"elementor-column elementor-col-50 elementor-top-column elementor-element elementor-element-2cf0c1fe\" data-id=\"2cf0c1fe\" data-element_type=\"column\">\n\t\t\t<div class=\"elementor-widget-wrap elementor-element-populated\">\n\t\t\t\t\t\t<div class=\"elementor-element elementor-element-31a3c238 elementor-widget elementor-widget-google_maps\" data-id=\"31a3c238\" data-element_type=\"widget\" data-widget_type=\"google_maps.default\">\n\t\t\t\t<div class=\"elementor-widget-container\">\n\t\t\t\t\t\t\t<div class=\"elementor-custom-embed\">\n\t\t\t<iframe loading=\"lazy\"\n\t\t\t\t\tsrc=\"https:\/\/www.google.com\/maps\/embed\/v1\/place?key=AIzaSyD2ldjwf8uDRU3smI30ZVvereALtOrn6Io&#038;q=PauThaiYoga&#038;zoom=14\"\n\t\t\t\t\ttitle=\"PauThaiYoga\"\n\t\t\t\t\taria-label=\"PauThaiYoga\"\n\t\t\t><\/iframe>\n\t\t<\/div>\n\t\t\t\t\t\t<\/div>\n\t\t\t\t<\/div>\n\t\t\t\t<div class=\"elementor-element elementor-element-331b0ad0 elementor-widget elementor-widget-text-editor\" data-id=\"331b0ad0\" data-element_type=\"widget\" data-widget_type=\"text-editor.default\">\n\t\t\t\t<div class=\"elementor-widget-container\">\n\t\t\t\t\t\t\t\t\t<h4>En redes sociales&#8230;<\/h4>\t\t\t\t\t\t\t\t<\/div>\n\t\t\t\t<\/div>\n\t\t\t\t<div class=\"elementor-element elementor-element-3948c00a elementor-icon-list--layout-inline elementor-list-item-link-full_width elementor-widget elementor-widget-icon-list\" data-id=\"3948c00a\" data-element_type=\"widget\" data-widget_type=\"icon-list.default\">\n\t\t\t\t<div class=\"elementor-widget-container\">\n\t\t\t\t\t\t\t<ul class=\"elementor-icon-list-items elementor-inline-items\">\n\t\t\t\t\t\t\t<li class=\"elementor-icon-list-item elementor-inline-item\">\n\t\t\t\t\t\t\t\t\t\t\t<a href=\"https:\/\/www.instagram.com\/pauthaiyoga\/\">\n\n\t\t\t\t\t\t\t\t\t\t\t\t<span class=\"elementor-icon-list-icon\">\n\t\t\t\t\t\t\t<i aria-hidden=\"true\" class=\"fab fa-instagram\"><\/i>\t\t\t\t\t\t<\/span>\n\t\t\t\t\t\t\t\t\t\t<span class=\"elementor-icon-list-text\">S\u00edgueme en Instagram<\/span>\n\t\t\t\t\t\t\t\t\t\t\t<\/a>\n\t\t\t\t\t\t\t\t\t<\/li>\n\t\t\t\t\t\t\t\t<li class=\"elementor-icon-list-item elementor-inline-item\">\n\t\t\t\t\t\t\t\t\t\t\t<a href=\"https:\/\/www.youtube.com\/@PauIranzo\">\n\n\t\t\t\t\t\t\t\t\t\t\t\t<span class=\"elementor-icon-list-icon\">\n\t\t\t\t\t\t\t<i aria-hidden=\"true\" class=\"fab fa-youtube\"><\/i>\t\t\t\t\t\t<\/span>\n\t\t\t\t\t\t\t\t\t\t<span class=\"elementor-icon-list-text\">S\u00edgueme en YouTube<\/span>\n\t\t\t\t\t\t\t\t\t\t\t<\/a>\n\t\t\t\t\t\t\t\t\t<\/li>\n\t\t\t\t\t\t<\/ul>\n\t\t\t\t\t\t<\/div>\n\t\t\t\t<\/div>\n\t\t\t\t\t<\/div>\n\t\t<\/div>\n\t\t\t\t<div class=\"elementor-column elementor-col-50 elementor-top-column elementor-element elementor-element-576fd6ea\" data-id=\"576fd6ea\" data-element_type=\"column\">\n\t\t\t<div class=\"elementor-widget-wrap elementor-element-populated\">\n\t\t\t\t\t\t<div class=\"elementor-element elementor-element-148da9d9 elementor-widget elementor-widget-heading\" data-id=\"148da9d9\" data-element_type=\"widget\" data-widget_type=\"heading.default\">\n\t\t\t\t<div class=\"elementor-widget-container\">\n\t\t\t\t\t<h2 class=\"elementor-heading-title elementor-size-default\">WhatsApp<\/h2>\t\t\t\t<\/div>\n\t\t\t\t<\/div>\n\t\t\t\t<div class=\"elementor-element elementor-element-35ca036e elementor-widget elementor-widget-text-editor\" data-id=\"35ca036e\" data-element_type=\"widget\" data-widget_type=\"text-editor.default\">\n\t\t\t\t<div class=\"elementor-widget-container\">\n\t\t\t\t\t\t\t\t\t<p>La forma m\u00e1s r\u00e1pida para contactarme es hacerlo por WhatsApp al n\u00famero <a href=\"https:\/\/web.whatsapp.com\/send?phone=34652894838&amp;text=\">652894838<br \/><\/a><\/p>\t\t\t\t\t\t\t\t<\/div>\n\t\t\t\t<\/div>\n\t\t\t\t<section class=\"elementor-section elementor-inner-section elementor-element elementor-element-1931d469 elementor-section-boxed elementor-section-height-default elementor-section-height-default\" data-id=\"1931d469\" data-element_type=\"section\">\n\t\t\t\t\t\t<div class=\"elementor-container elementor-column-gap-no\">\n\t\t\t\t\t<div class=\"elementor-column elementor-col-50 elementor-inner-column elementor-element elementor-element-59deec57\" data-id=\"59deec57\" data-element_type=\"column\">\n\t\t\t<div class=\"elementor-widget-wrap elementor-element-populated\">\n\t\t\t\t\t\t<div class=\"elementor-element elementor-element-632b7a8b elementor-widget elementor-widget-text-editor\" data-id=\"632b7a8b\" data-element_type=\"widget\" data-widget_type=\"text-editor.default\">\n\t\t\t\t<div class=\"elementor-widget-container\">\n\t\t\t\t\t\t\t\t\t<h4>Clases de Yoga<\/h4><p><strong>TrobaSalut<\/strong><\/p><p><span class=\"LrzXr\">Carrer de D. Carmelo D\u00e1vila, 8<br \/><\/span><span class=\"LrzXr\">03550 Sant Joan d&#8217;Alacant<br \/><\/span><span class=\"LrzXr\">Alicante<\/span><\/p>\t\t\t\t\t\t\t\t<\/div>\n\t\t\t\t<\/div>\n\t\t\t\t\t<\/div>\n\t\t<\/div>\n\t\t\t\t<div class=\"elementor-column elementor-col-50 elementor-inner-column elementor-element elementor-element-3127e457\" data-id=\"3127e457\" data-element_type=\"column\">\n\t\t\t<div class=\"elementor-widget-wrap elementor-element-populated\">\n\t\t\t\t\t\t<div class=\"elementor-element elementor-element-4f82e44b elementor-widget elementor-widget-text-editor\" data-id=\"4f82e44b\" data-element_type=\"widget\" data-widget_type=\"text-editor.default\">\n\t\t\t\t<div class=\"elementor-widget-container\">\n\t\t\t\t\t\t\t\t\t<h4>Masaje Tailand\u00e9s<\/h4>\n<p><strong>PauThaiYoga<br><\/strong><\/p>\n<p>Calle Los Olmos 2<span class=\"LrzXr\"><br>03550 Sant Joan d&#8217;Alacant<\/span><br>Alicante<\/p>\t\t\t\t\t\t\t\t<\/div>\n\t\t\t\t<\/div>\n\t\t\t\t\t<\/div>\n\t\t<\/div>\n\t\t\t\t\t<\/div>\n\t\t<\/section>\n\t\t\t\t\t<\/div>\n\t\t<\/div>\n\t\t\t\t\t<\/div>\n\t\t<\/section>\n\t\t\t\t<section class=\"elementor-section elementor-top-section elementor-element elementor-element-7f2d4729 elementor-section-boxed elementor-section-height-default elementor-section-height-default\" data-id=\"7f2d4729\" data-element_type=\"section\">\n\t\t\t\t\t\t<div class=\"elementor-container elementor-column-gap-default\">\n\t\t\t\t\t\t<\/div>\n\t\t<\/section>\n\t\t\t\t<\/div>\n\t\t","protected":false},"excerpt":{"rendered":"<p>CONTACTA CONMIGO En redes sociales&#8230; S\u00edgueme en Instagram S\u00edgueme en YouTube WhatsApp La forma m\u00e1s r\u00e1pida para contactarme es hacerlo por WhatsApp al n\u00famero 652894838 Clases de Yoga TrobaSalut Carrer de D. Carmelo D\u00e1vila, 803550 Sant Joan d&#8217;AlacantAlicante Masaje Tailand\u00e9s PauThaiYoga Calle Los Olmos 203550 Sant Joan d&#8217;AlacantAlicante<\/p>\n","protected":false},"author":1,"featured_media":0,"parent":0,"menu_order":0,"comment_status":"closed","ping_status":"closed","template":"page-templates\/full-width-no-title.php","meta":{"jetpack_post_was_ever_published":false,"inspiro_page_layout":"narrow","inspiro_hide_title":false,"footnotes":""},"class_list":["post-628","page","type-page","status-publish","hentry"],"yoast_head":"<!-- This site is optimized with the Yoast SEO plugin v25.7 - https:\/\/yoast.com\/wordpress\/plugins\/seo\/ -->\n<title>Contacta conmigo - PauThaiYoga - Yoga y Masaje Tailand\u00e9s<\/title>\n<meta name=\"robots\" content=\"index, follow, max-snippet:-1, max-image-preview:large, max-video-preview:-1\" \/>\n<link rel=\"canonical\" href=\"https:\/\/pauthaiyoga.com\/es\/contacto\/\" \/>\n<meta property=\"og:locale\" content=\"es_ES\" \/>\n<meta property=\"og:type\" content=\"article\" \/>\n<meta property=\"og:title\" content=\"Contacta conmigo - PauThaiYoga - Yoga y Masaje Tailand\u00e9s\" \/>\n<meta property=\"og:description\" content=\"CONTACTA CONMIGO En redes sociales&#8230; S\u00edgueme en Instagram S\u00edgueme en YouTube WhatsApp La forma m\u00e1s r\u00e1pida para contactarme es hacerlo por WhatsApp al n\u00famero 652894838 Clases de Yoga TrobaSalut Carrer de D. Carmelo D\u00e1vila, 803550 Sant Joan d&#8217;AlacantAlicante Masaje Tailand\u00e9s PauThaiYoga Calle Los Olmos 203550 Sant Joan d&#8217;AlacantAlicante\" \/>\n<meta property=\"og:url\" content=\"https:\/\/pauthaiyoga.com\/es\/contacto\/\" \/>\n<meta property=\"og:site_name\" content=\"PauThaiYoga - Yoga y Masaje Tailand\u00e9s\" \/>\n<meta property=\"article:modified_time\" content=\"2024-12-19T06:26:05+00:00\" \/>\n<meta name=\"twitter:card\" content=\"summary_large_image\" \/>\n<meta name=\"twitter:label1\" content=\"Est. reading time\" \/>\n\t<meta name=\"twitter:data1\" content=\"1 minuto\" \/>\n<script type=\"application\/ld+json\" class=\"yoast-schema-graph\">{\"@context\":\"https:\/\/schema.org\",\"@graph\":[{\"@type\":\"WebPage\",\"@id\":\"https:\/\/pauthaiyoga.com\/es\/contacto\/\",\"url\":\"https:\/\/pauthaiyoga.com\/es\/contacto\/\",\"name\":\"Contacta conmigo - PauThaiYoga - Yoga y Masaje Tailand\u00e9s\",\"isPartOf\":{\"@id\":\"https:\/\/pauthaiyoga.com\/es\/#website\"},\"datePublished\":\"2009-05-06T16:43:24+00:00\",\"dateModified\":\"2024-12-19T06:26:05+00:00\",\"breadcrumb\":{\"@id\":\"https:\/\/pauthaiyoga.com\/es\/contacto\/#breadcrumb\"},\"inLanguage\":\"es\",\"potentialAction\":[{\"@type\":\"ReadAction\",\"target\":[\"https:\/\/pauthaiyoga.com\/es\/contacto\/\"]}]},{\"@type\":\"BreadcrumbList\",\"@id\":\"https:\/\/pauthaiyoga.com\/es\/contacto\/#breadcrumb\",\"itemListElement\":[{\"@type\":\"ListItem\",\"position\":1,\"name\":\"Portada\",\"item\":\"https:\/\/pauthaiyoga.com\/es\/\"},{\"@type\":\"ListItem\",\"position\":2,\"name\":\"Contacta conmigo\"}]},{\"@type\":\"WebSite\",\"@id\":\"https:\/\/pauthaiyoga.com\/es\/#website\",\"url\":\"https:\/\/pauthaiyoga.com\/es\/\",\"name\":\"PauThaiYoga - Yoga y Masaje Tailand\u00e9s\",\"description\":\"Hatha Yoga y Masaje Tailand\u00e9s en San Juan de Alicante\",\"publisher\":{\"@id\":\"https:\/\/pauthaiyoga.com\/es\/#organization\"},\"potentialAction\":[{\"@type\":\"SearchAction\",\"target\":{\"@type\":\"EntryPoint\",\"urlTemplate\":\"https:\/\/pauthaiyoga.com\/es\/?s={search_term_string}\"},\"query-input\":{\"@type\":\"PropertyValueSpecification\",\"valueRequired\":true,\"valueName\":\"search_term_string\"}}],\"inLanguage\":\"es\"},{\"@type\":\"Organization\",\"@id\":\"https:\/\/pauthaiyoga.com\/es\/#organization\",\"name\":\"PauThaiYoga - Yoga y Masaje Tailand\u00e9s\",\"url\":\"https:\/\/pauthaiyoga.com\/es\/\",\"logo\":{\"@type\":\"ImageObject\",\"inLanguage\":\"es\",\"@id\":\"https:\/\/pauthaiyoga.com\/es\/#\/schema\/logo\/image\/\",\"url\":\"https:\/\/pauthaiyoga.com\/wp-content\/uploads\/2023\/07\/logo-pauthaiyoga-2-e1688898788956.png\",\"contentUrl\":\"https:\/\/pauthaiyoga.com\/wp-content\/uploads\/2023\/07\/logo-pauthaiyoga-2-e1688898788956.png\",\"width\":558,\"height\":120,\"caption\":\"PauThaiYoga - Yoga y Masaje Tailand\u00e9s\"},\"image\":{\"@id\":\"https:\/\/pauthaiyoga.com\/es\/#\/schema\/logo\/image\/\"}}]}<\/script>\n<!-- \/ Yoast SEO plugin. -->","yoast_head_json":{"title":"Contacta conmigo - PauThaiYoga - Yoga y Masaje Tailand\u00e9s","robots":{"index":"index","follow":"follow","max-snippet":"max-snippet:-1","max-image-preview":"max-image-preview:large","max-video-preview":"max-video-preview:-1"},"canonical":"https:\/\/pauthaiyoga.com\/es\/contacto\/","og_locale":"es_ES","og_type":"article","og_title":"Contacta conmigo - PauThaiYoga - Yoga y Masaje Tailand\u00e9s","og_description":"CONTACTA CONMIGO En redes sociales&#8230; S\u00edgueme en Instagram S\u00edgueme en YouTube WhatsApp La forma m\u00e1s r\u00e1pida para contactarme es hacerlo por WhatsApp al n\u00famero 652894838 Clases de Yoga TrobaSalut Carrer de D. Carmelo D\u00e1vila, 803550 Sant Joan d&#8217;AlacantAlicante Masaje Tailand\u00e9s PauThaiYoga Calle Los Olmos 203550 Sant Joan d&#8217;AlacantAlicante","og_url":"https:\/\/pauthaiyoga.com\/es\/contacto\/","og_site_name":"PauThaiYoga - Yoga y Masaje Tailand\u00e9s","article_modified_time":"2024-12-19T06:26:05+00:00","twitter_card":"summary_large_image","twitter_misc":{"Est. reading time":"1 minuto"},"schema":{"@context":"https:\/\/schema.org","@graph":[{"@type":"WebPage","@id":"https:\/\/pauthaiyoga.com\/es\/contacto\/","url":"https:\/\/pauthaiyoga.com\/es\/contacto\/","name":"Contacta conmigo - PauThaiYoga - Yoga y Masaje Tailand\u00e9s","isPartOf":{"@id":"https:\/\/pauthaiyoga.com\/es\/#website"},"datePublished":"2009-05-06T16:43:24+00:00","dateModified":"2024-12-19T06:26:05+00:00","breadcrumb":{"@id":"https:\/\/pauthaiyoga.com\/es\/contacto\/#breadcrumb"},"inLanguage":"es","potentialAction":[{"@type":"ReadAction","target":["https:\/\/pauthaiyoga.com\/es\/contacto\/"]}]},{"@type":"BreadcrumbList","@id":"https:\/\/pauthaiyoga.com\/es\/contacto\/#breadcrumb","itemListElement":[{"@type":"ListItem","position":1,"name":"Portada","item":"https:\/\/pauthaiyoga.com\/es\/"},{"@type":"ListItem","position":2,"name":"Contacta conmigo"}]},{"@type":"WebSite","@id":"https:\/\/pauthaiyoga.com\/es\/#website","url":"https:\/\/pauthaiyoga.com\/es\/","name":"PauThaiYoga - Yoga y Masaje Tailand\u00e9s","description":"Hatha Yoga y Masaje Tailand\u00e9s en San Juan de Alicante","publisher":{"@id":"https:\/\/pauthaiyoga.com\/es\/#organization"},"potentialAction":[{"@type":"SearchAction","target":{"@type":"EntryPoint","urlTemplate":"https:\/\/pauthaiyoga.com\/es\/?s={search_term_string}"},"query-input":{"@type":"PropertyValueSpecification","valueRequired":true,"valueName":"search_term_string"}}],"inLanguage":"es"},{"@type":"Organization","@id":"https:\/\/pauthaiyoga.com\/es\/#organization","name":"PauThaiYoga - Yoga y Masaje Tailand\u00e9s","url":"https:\/\/pauthaiyoga.com\/es\/","logo":{"@type":"ImageObject","inLanguage":"es","@id":"https:\/\/pauthaiyoga.com\/es\/#\/schema\/logo\/image\/","url":"https:\/\/pauthaiyoga.com\/wp-content\/uploads\/2023\/07\/logo-pauthaiyoga-2-e1688898788956.png","contentUrl":"https:\/\/pauthaiyoga.com\/wp-content\/uploads\/2023\/07\/logo-pauthaiyoga-2-e1688898788956.png","width":558,"height":120,"caption":"PauThaiYoga - Yoga y Masaje Tailand\u00e9s"},"image":{"@id":"https:\/\/pauthaiyoga.com\/es\/#\/schema\/logo\/image\/"}}]}},"jetpack_sharing_enabled":true,"jetpack_shortlink":"https:\/\/wp.me\/P9T4uJ-a8","_links":{"self":[{"href":"https:\/\/pauthaiyoga.com\/es\/wp-json\/wp\/v2\/pages\/628","targetHints":{"allow":["GET"]}}],"collection":[{"href":"https:\/\/pauthaiyoga.com\/es\/wp-json\/wp\/v2\/pages"}],"about":[{"href":"https:\/\/pauthaiyoga.com\/es\/wp-json\/wp\/v2\/types\/page"}],"author":[{"embeddable":true,"href":"https:\/\/pauthaiyoga.com\/es\/wp-json\/wp\/v2\/users\/1"}],"replies":[{"embeddable":true,"href":"https:\/\/pauthaiyoga.com\/es\/wp-json\/wp\/v2\/comments?post=628"}],"version-history":[{"count":38,"href":"https:\/\/pauthaiyoga.com\/es\/wp-json\/wp\/v2\/pages\/628\/revisions"}],"predecessor-version":[{"id":7583,"href":"https:\/\/pauthaiyoga.com\/es\/wp-json\/wp\/v2\/pages\/628\/revisions\/7583"}],"wp:attachment":[{"href":"https:\/\/pauthaiyoga.com\/es\/wp-json\/wp\/v2\/media?parent=628"}],"curies":[{"name":"wp","href":"https:\/\/api.w.org\/{rel}","templated":true}]}}