{"id":4491,"date":"2009-09-08T16:33:06","date_gmt":"2009-09-08T16:33:06","guid":{"rendered":"https:\/\/pauthaiyoga.com\/about\/"},"modified":"2025-02-17T05:33:20","modified_gmt":"2025-02-17T05:33:20","slug":"sobre-mi","status":"publish","type":"page","link":"https:\/\/pauthaiyoga.com\/es\/sobre-mi\/","title":{"rendered":"Sobre m\u00ed"},"content":{"rendered":"\t\t<div data-elementor-type=\"wp-page\" data-elementor-id=\"4491\" class=\"elementor elementor-4491\">\n\t\t\t\t\t\t<section class=\"elementor-section elementor-top-section elementor-element elementor-element-2a16f7da elementor-section-boxed elementor-section-height-default elementor-section-height-default\" data-id=\"2a16f7da\" data-element_type=\"section\">\n\t\t\t\t\t\t<div class=\"elementor-container elementor-column-gap-no\">\n\t\t\t\t\t<div class=\"elementor-column elementor-col-100 elementor-top-column elementor-element elementor-element-28a01bdc\" data-id=\"28a01bdc\" data-element_type=\"column\">\n\t\t\t<div class=\"elementor-widget-wrap elementor-element-populated\">\n\t\t\t\t\t\t<div class=\"elementor-element elementor-element-50bf8bc6 elementor-widget elementor-widget-image\" data-id=\"50bf8bc6\" data-element_type=\"widget\" data-widget_type=\"image.default\">\n\t\t\t\t<div class=\"elementor-widget-container\">\n\t\t\t\t\t\t\t\t\t\t\t\t\t\t\t<img decoding=\"async\" src=\"https:\/\/pauthaiyoga.com\/wp-content\/uploads\/elementor\/thumbs\/thai-massage-pau-q3e6yp4jja4r4rzehnj1qgn46bq2zrylny3tew5wug.jpg\" title=\"thai-massage-pau\" alt=\"thai-massage-pau\" loading=\"lazy\" \/>\t\t\t\t\t\t\t\t\t\t\t\t\t\t\t<\/div>\n\t\t\t\t<\/div>\n\t\t\t\t<section class=\"elementor-section elementor-inner-section elementor-element elementor-element-241ed734 elementor-section-full_width elementor-section-height-default elementor-section-height-default\" data-id=\"241ed734\" data-element_type=\"section\">\n\t\t\t\t\t\t<div class=\"elementor-container elementor-column-gap-no\">\n\t\t\t\t\t<div class=\"elementor-column elementor-col-100 elementor-inner-column elementor-element elementor-element-32710a95\" data-id=\"32710a95\" data-element_type=\"column\">\n\t\t\t<div class=\"elementor-widget-wrap elementor-element-populated\">\n\t\t\t\t\t\t<div class=\"elementor-element elementor-element-6b7ca573 elementor-widget elementor-widget-text-editor\" data-id=\"6b7ca573\" data-element_type=\"widget\" data-widget_type=\"text-editor.default\">\n\t\t\t\t<div class=\"elementor-widget-container\">\n\t\t\t\t\t\t\t\t\t<div class=\"elementor-element elementor-element-2d935c3 elementor-widget elementor-widget-text-editor\" data-id=\"2d935c3\" data-element_type=\"widget\" data-widget_type=\"text-editor.default\"><div class=\"elementor-widget-container\"><div class=\"elementor-text-editor elementor-clearfix\"><p>Descubr\u00ed el yoga hace m\u00e1s de 10 a\u00f1os cuando viv\u00eda en Montpellier, en Francia. Recuerdo muy bien que mientras practicaba, no pod\u00eda parar de bostezar. \u00a1Qu\u00e9 liberaci\u00f3n!<\/p><p>Desde aquel momento inici\u00e9 un proceso de formaci\u00f3n, primero en Francia, en la <a href=\"https:\/\/www.ecole-professeur-yoga.fr\/\">ENPY<\/a>; luego en el sur de India, en una escuela de la <a href=\"https:\/\/pauthaiyoga.com\/tradicion-shivananda\/\">tradici\u00f3n Shivananda<\/a>; y finalmente una formaci\u00f3n de profundizaci\u00f3n en VaidikaDharma. Mis maestros m\u00e1s apreciados son <a href=\"https:\/\/www.surlechemindusourire.fr\/\">Nicolas y Marie Christine<\/a>, de m\u00e1s de 80 a\u00f1os y viviendo en la Breta\u00f1a francesa.<\/p><p>Hace unos a\u00f1os realic\u00e9 un curso de Masaje Tailand\u00e9s. Pero no fue hasta principios de 2023 que decid\u00ed profundizar m\u00e1s sobre este masaje, irme a tailandia y formarme en la escuela de la tradici\u00f3n <a href=\"https:\/\/www.asokananda.com\/\" target=\"_blank\" rel=\"noreferrer noopener\">Asokananda<\/a> en Chiang Mai, Tailandia.<\/p><p>En contacto con el masaje tailand\u00e9s desde 2018 y en cont\u00ednuo aprendizaje adquiriendo t\u00e9cnicas de <a href=\"https:\/\/www.osteothai.com\/en\/\">OsteoThai <\/a>y <a href=\"https:\/\/wuotai.com\/\">W\u00f9o Tai<\/a>.<\/p><\/div><\/div><\/div>\t\t\t\t\t\t\t\t<\/div>\n\t\t\t\t<\/div>\n\t\t\t\t<div class=\"elementor-element elementor-element-4a33cf33 elementor-align-center elementor-widget elementor-widget-button\" data-id=\"4a33cf33\" data-element_type=\"widget\" data-widget_type=\"button.default\">\n\t\t\t\t<div class=\"elementor-widget-container\">\n\t\t\t\t\t\t\t\t\t<div class=\"elementor-button-wrapper\">\n\t\t\t\t\t<a class=\"elementor-button elementor-button-link elementor-size-md\" href=\"https:\/\/pauthaiyoga.com\/contacto\/\">\n\t\t\t\t\t\t<span class=\"elementor-button-content-wrapper\">\n\t\t\t\t\t\t\t\t\t<span class=\"elementor-button-text\">Contacta conmigo<\/span>\n\t\t\t\t\t<\/span>\n\t\t\t\t\t<\/a>\n\t\t\t\t<\/div>\n\t\t\t\t\t\t\t\t<\/div>\n\t\t\t\t<\/div>\n\t\t\t\t\t<\/div>\n\t\t<\/div>\n\t\t\t\t\t<\/div>\n\t\t<\/section>\n\t\t\t\t\t<\/div>\n\t\t<\/div>\n\t\t\t\t\t<\/div>\n\t\t<\/section>\n\t\t\t\t<\/div>\n\t\t","protected":false},"excerpt":{"rendered":"<p>Descubr\u00ed el yoga hace m\u00e1s de 10 a\u00f1os cuando viv\u00eda en Montpellier, en Francia. Recuerdo muy bien que mientras practicaba, no pod\u00eda parar de bostezar. \u00a1Qu\u00e9 liberaci\u00f3n! Desde aquel momento inici\u00e9 un proceso de formaci\u00f3n, primero en Francia, en la ENPY; luego en el sur de India, en una escuela de la tradici\u00f3n Shivananda; y finalmente una formaci\u00f3n de profundizaci\u00f3n en VaidikaDharma. Mis maestros m\u00e1s apreciados son Nicolas y Marie Christine, de m\u00e1s de 80 [&hellip;]<\/p>\n","protected":false},"author":1,"featured_media":0,"parent":0,"menu_order":0,"comment_status":"closed","ping_status":"closed","template":"page-templates\/full-width-no-title.php","meta":{"jetpack_post_was_ever_published":false,"inspiro_page_layout":"narrow","inspiro_hide_title":false,"footnotes":""},"class_list":["post-4491","page","type-page","status-publish","hentry"],"yoast_head":"<!-- This site is optimized with the Yoast SEO plugin v25.7 - https:\/\/yoast.com\/wordpress\/plugins\/seo\/ -->\n<title>Sobre m\u00ed - PauThaiYoga - Yoga y Masaje Tailand\u00e9s<\/title>\n<meta name=\"robots\" content=\"index, follow, max-snippet:-1, max-image-preview:large, max-video-preview:-1\" \/>\n<link rel=\"canonical\" href=\"https:\/\/pauthaiyoga.com\/es\/sobre-mi\/\" \/>\n<meta property=\"og:locale\" content=\"es_ES\" \/>\n<meta property=\"og:type\" content=\"article\" \/>\n<meta property=\"og:title\" content=\"Sobre m\u00ed - PauThaiYoga - Yoga y Masaje Tailand\u00e9s\" \/>\n<meta property=\"og:description\" content=\"Descubr\u00ed el yoga hace m\u00e1s de 10 a\u00f1os cuando viv\u00eda en Montpellier, en Francia. Recuerdo muy bien que mientras practicaba, no pod\u00eda parar de bostezar. \u00a1Qu\u00e9 liberaci\u00f3n! Desde aquel momento inici\u00e9 un proceso de formaci\u00f3n, primero en Francia, en la ENPY; luego en el sur de India, en una escuela de la tradici\u00f3n Shivananda; y finalmente una formaci\u00f3n de profundizaci\u00f3n en VaidikaDharma. Mis maestros m\u00e1s apreciados son Nicolas y Marie Christine, de m\u00e1s de 80 [&hellip;]\" \/>\n<meta property=\"og:url\" content=\"https:\/\/pauthaiyoga.com\/es\/sobre-mi\/\" \/>\n<meta property=\"og:site_name\" content=\"PauThaiYoga - Yoga y Masaje Tailand\u00e9s\" \/>\n<meta property=\"article:modified_time\" content=\"2025-02-17T05:33:20+00:00\" \/>\n<meta property=\"og:image\" content=\"https:\/\/pauthaiyoga.com\/wp-content\/uploads\/elementor\/thumbs\/thai-massage-pau-q3e6yp4jja4r4rzehnj1qgn46bq2zrylny3t8xtv2g.jpg\" \/>\n<meta name=\"twitter:card\" content=\"summary_large_image\" \/>\n<meta name=\"twitter:label1\" content=\"Est. reading time\" \/>\n\t<meta name=\"twitter:data1\" content=\"2 minutos\" \/>\n<script type=\"application\/ld+json\" class=\"yoast-schema-graph\">{\"@context\":\"https:\/\/schema.org\",\"@graph\":[{\"@type\":\"WebPage\",\"@id\":\"https:\/\/pauthaiyoga.com\/es\/sobre-mi\/\",\"url\":\"https:\/\/pauthaiyoga.com\/es\/sobre-mi\/\",\"name\":\"Sobre m\u00ed - PauThaiYoga - Yoga y Masaje Tailand\u00e9s\",\"isPartOf\":{\"@id\":\"https:\/\/pauthaiyoga.com\/es\/#website\"},\"primaryImageOfPage\":{\"@id\":\"https:\/\/pauthaiyoga.com\/es\/sobre-mi\/#primaryimage\"},\"image\":{\"@id\":\"https:\/\/pauthaiyoga.com\/es\/sobre-mi\/#primaryimage\"},\"thumbnailUrl\":\"https:\/\/pauthaiyoga.com\/wp-content\/uploads\/elementor\/thumbs\/thai-massage-pau-q3e6yp4jja4r4rzehnj1qgn46bq2zrylny3t8xtv2g.jpg\",\"datePublished\":\"2009-09-08T16:33:06+00:00\",\"dateModified\":\"2025-02-17T05:33:20+00:00\",\"breadcrumb\":{\"@id\":\"https:\/\/pauthaiyoga.com\/es\/sobre-mi\/#breadcrumb\"},\"inLanguage\":\"es\",\"potentialAction\":[{\"@type\":\"ReadAction\",\"target\":[\"https:\/\/pauthaiyoga.com\/es\/sobre-mi\/\"]}]},{\"@type\":\"ImageObject\",\"inLanguage\":\"es\",\"@id\":\"https:\/\/pauthaiyoga.com\/es\/sobre-mi\/#primaryimage\",\"url\":\"https:\/\/pauthaiyoga.com\/wp-content\/uploads\/elementor\/thumbs\/thai-massage-pau-q3e6yp4jja4r4rzehnj1qgn46bq2zrylny3t8xtv2g.jpg\",\"contentUrl\":\"https:\/\/pauthaiyoga.com\/wp-content\/uploads\/elementor\/thumbs\/thai-massage-pau-q3e6yp4jja4r4rzehnj1qgn46bq2zrylny3t8xtv2g.jpg\"},{\"@type\":\"BreadcrumbList\",\"@id\":\"https:\/\/pauthaiyoga.com\/es\/sobre-mi\/#breadcrumb\",\"itemListElement\":[{\"@type\":\"ListItem\",\"position\":1,\"name\":\"Portada\",\"item\":\"https:\/\/pauthaiyoga.com\/es\/\"},{\"@type\":\"ListItem\",\"position\":2,\"name\":\"Sobre m\u00ed\"}]},{\"@type\":\"WebSite\",\"@id\":\"https:\/\/pauthaiyoga.com\/es\/#website\",\"url\":\"https:\/\/pauthaiyoga.com\/es\/\",\"name\":\"PauThaiYoga - Yoga y Masaje Tailand\u00e9s\",\"description\":\"Hatha Yoga y Masaje Tailand\u00e9s en San Juan de Alicante\",\"publisher\":{\"@id\":\"https:\/\/pauthaiyoga.com\/es\/#organization\"},\"potentialAction\":[{\"@type\":\"SearchAction\",\"target\":{\"@type\":\"EntryPoint\",\"urlTemplate\":\"https:\/\/pauthaiyoga.com\/es\/?s={search_term_string}\"},\"query-input\":{\"@type\":\"PropertyValueSpecification\",\"valueRequired\":true,\"valueName\":\"search_term_string\"}}],\"inLanguage\":\"es\"},{\"@type\":\"Organization\",\"@id\":\"https:\/\/pauthaiyoga.com\/es\/#organization\",\"name\":\"PauThaiYoga - Yoga y Masaje Tailand\u00e9s\",\"url\":\"https:\/\/pauthaiyoga.com\/es\/\",\"logo\":{\"@type\":\"ImageObject\",\"inLanguage\":\"es\",\"@id\":\"https:\/\/pauthaiyoga.com\/es\/#\/schema\/logo\/image\/\",\"url\":\"https:\/\/pauthaiyoga.com\/wp-content\/uploads\/2023\/07\/logo-pauthaiyoga-2-e1688898788956.png\",\"contentUrl\":\"https:\/\/pauthaiyoga.com\/wp-content\/uploads\/2023\/07\/logo-pauthaiyoga-2-e1688898788956.png\",\"width\":558,\"height\":120,\"caption\":\"PauThaiYoga - Yoga y Masaje Tailand\u00e9s\"},\"image\":{\"@id\":\"https:\/\/pauthaiyoga.com\/es\/#\/schema\/logo\/image\/\"}}]}<\/script>\n<!-- \/ Yoast SEO plugin. -->","yoast_head_json":{"title":"Sobre m\u00ed - PauThaiYoga - Yoga y Masaje Tailand\u00e9s","robots":{"index":"index","follow":"follow","max-snippet":"max-snippet:-1","max-image-preview":"max-image-preview:large","max-video-preview":"max-video-preview:-1"},"canonical":"https:\/\/pauthaiyoga.com\/es\/sobre-mi\/","og_locale":"es_ES","og_type":"article","og_title":"Sobre m\u00ed - PauThaiYoga - Yoga y Masaje Tailand\u00e9s","og_description":"Descubr\u00ed el yoga hace m\u00e1s de 10 a\u00f1os cuando viv\u00eda en Montpellier, en Francia. Recuerdo muy bien que mientras practicaba, no pod\u00eda parar de bostezar. \u00a1Qu\u00e9 liberaci\u00f3n! Desde aquel momento inici\u00e9 un proceso de formaci\u00f3n, primero en Francia, en la ENPY; luego en el sur de India, en una escuela de la tradici\u00f3n Shivananda; y finalmente una formaci\u00f3n de profundizaci\u00f3n en VaidikaDharma. Mis maestros m\u00e1s apreciados son Nicolas y Marie Christine, de m\u00e1s de 80 [&hellip;]","og_url":"https:\/\/pauthaiyoga.com\/es\/sobre-mi\/","og_site_name":"PauThaiYoga - Yoga y Masaje Tailand\u00e9s","article_modified_time":"2025-02-17T05:33:20+00:00","og_image":[{"url":"https:\/\/pauthaiyoga.com\/wp-content\/uploads\/elementor\/thumbs\/thai-massage-pau-q3e6yp4jja4r4rzehnj1qgn46bq2zrylny3t8xtv2g.jpg","type":"","width":"","height":""}],"twitter_card":"summary_large_image","twitter_misc":{"Est. reading time":"2 minutos"},"schema":{"@context":"https:\/\/schema.org","@graph":[{"@type":"WebPage","@id":"https:\/\/pauthaiyoga.com\/es\/sobre-mi\/","url":"https:\/\/pauthaiyoga.com\/es\/sobre-mi\/","name":"Sobre m\u00ed - PauThaiYoga - Yoga y Masaje Tailand\u00e9s","isPartOf":{"@id":"https:\/\/pauthaiyoga.com\/es\/#website"},"primaryImageOfPage":{"@id":"https:\/\/pauthaiyoga.com\/es\/sobre-mi\/#primaryimage"},"image":{"@id":"https:\/\/pauthaiyoga.com\/es\/sobre-mi\/#primaryimage"},"thumbnailUrl":"https:\/\/pauthaiyoga.com\/wp-content\/uploads\/elementor\/thumbs\/thai-massage-pau-q3e6yp4jja4r4rzehnj1qgn46bq2zrylny3t8xtv2g.jpg","datePublished":"2009-09-08T16:33:06+00:00","dateModified":"2025-02-17T05:33:20+00:00","breadcrumb":{"@id":"https:\/\/pauthaiyoga.com\/es\/sobre-mi\/#breadcrumb"},"inLanguage":"es","potentialAction":[{"@type":"ReadAction","target":["https:\/\/pauthaiyoga.com\/es\/sobre-mi\/"]}]},{"@type":"ImageObject","inLanguage":"es","@id":"https:\/\/pauthaiyoga.com\/es\/sobre-mi\/#primaryimage","url":"https:\/\/pauthaiyoga.com\/wp-content\/uploads\/elementor\/thumbs\/thai-massage-pau-q3e6yp4jja4r4rzehnj1qgn46bq2zrylny3t8xtv2g.jpg","contentUrl":"https:\/\/pauthaiyoga.com\/wp-content\/uploads\/elementor\/thumbs\/thai-massage-pau-q3e6yp4jja4r4rzehnj1qgn46bq2zrylny3t8xtv2g.jpg"},{"@type":"BreadcrumbList","@id":"https:\/\/pauthaiyoga.com\/es\/sobre-mi\/#breadcrumb","itemListElement":[{"@type":"ListItem","position":1,"name":"Portada","item":"https:\/\/pauthaiyoga.com\/es\/"},{"@type":"ListItem","position":2,"name":"Sobre m\u00ed"}]},{"@type":"WebSite","@id":"https:\/\/pauthaiyoga.com\/es\/#website","url":"https:\/\/pauthaiyoga.com\/es\/","name":"PauThaiYoga - Yoga y Masaje Tailand\u00e9s","description":"Hatha Yoga y Masaje Tailand\u00e9s en San Juan de Alicante","publisher":{"@id":"https:\/\/pauthaiyoga.com\/es\/#organization"},"potentialAction":[{"@type":"SearchAction","target":{"@type":"EntryPoint","urlTemplate":"https:\/\/pauthaiyoga.com\/es\/?s={search_term_string}"},"query-input":{"@type":"PropertyValueSpecification","valueRequired":true,"valueName":"search_term_string"}}],"inLanguage":"es"},{"@type":"Organization","@id":"https:\/\/pauthaiyoga.com\/es\/#organization","name":"PauThaiYoga - Yoga y Masaje Tailand\u00e9s","url":"https:\/\/pauthaiyoga.com\/es\/","logo":{"@type":"ImageObject","inLanguage":"es","@id":"https:\/\/pauthaiyoga.com\/es\/#\/schema\/logo\/image\/","url":"https:\/\/pauthaiyoga.com\/wp-content\/uploads\/2023\/07\/logo-pauthaiyoga-2-e1688898788956.png","contentUrl":"https:\/\/pauthaiyoga.com\/wp-content\/uploads\/2023\/07\/logo-pauthaiyoga-2-e1688898788956.png","width":558,"height":120,"caption":"PauThaiYoga - Yoga y Masaje Tailand\u00e9s"},"image":{"@id":"https:\/\/pauthaiyoga.com\/es\/#\/schema\/logo\/image\/"}}]}},"jetpack_sharing_enabled":true,"jetpack_shortlink":"https:\/\/wp.me\/P9T4uJ-1ar","_links":{"self":[{"href":"https:\/\/pauthaiyoga.com\/es\/wp-json\/wp\/v2\/pages\/4491","targetHints":{"allow":["GET"]}}],"collection":[{"href":"https:\/\/pauthaiyoga.com\/es\/wp-json\/wp\/v2\/pages"}],"about":[{"href":"https:\/\/pauthaiyoga.com\/es\/wp-json\/wp\/v2\/types\/page"}],"author":[{"embeddable":true,"href":"https:\/\/pauthaiyoga.com\/es\/wp-json\/wp\/v2\/users\/1"}],"replies":[{"embeddable":true,"href":"https:\/\/pauthaiyoga.com\/es\/wp-json\/wp\/v2\/comments?post=4491"}],"version-history":[{"count":13,"href":"https:\/\/pauthaiyoga.com\/es\/wp-json\/wp\/v2\/pages\/4491\/revisions"}],"predecessor-version":[{"id":7683,"href":"https:\/\/pauthaiyoga.com\/es\/wp-json\/wp\/v2\/pages\/4491\/revisions\/7683"}],"wp:attachment":[{"href":"https:\/\/pauthaiyoga.com\/es\/wp-json\/wp\/v2\/media?parent=4491"}],"curies":[{"name":"wp","href":"https:\/\/api.w.org\/{rel}","templated":true}]}}