{"id":216,"date":"2018-04-25T04:52:01","date_gmt":"2018-04-25T04:52:01","guid":{"rendered":"https:\/\/pauthaiyoga.com\/?page_id=216"},"modified":"2025-09-24T13:00:53","modified_gmt":"2025-09-24T13:00:53","slug":"cursos-y-tarifas","status":"publish","type":"page","link":"https:\/\/pauthaiyoga.com\/es\/cursos-y-tarifas\/","title":{"rendered":"Clases de Yoga en Sant Joan d&#8217;Alacant | Cursos y tarifas"},"content":{"rendered":"\t\t<div data-elementor-type=\"wp-post\" data-elementor-id=\"216\" class=\"elementor elementor-216\">\n\t\t\t\t\t\t<section class=\"elementor-section elementor-top-section elementor-element elementor-element-71d38e5 elementor-section-boxed elementor-section-height-default elementor-section-height-default\" data-id=\"71d38e5\" data-element_type=\"section\">\n\t\t\t\t\t\t<div class=\"elementor-container elementor-column-gap-default\">\n\t\t\t\t\t<div class=\"elementor-column elementor-col-100 elementor-top-column elementor-element elementor-element-07eaef8\" data-id=\"07eaef8\" data-element_type=\"column\">\n\t\t\t<div class=\"elementor-widget-wrap elementor-element-populated\">\n\t\t\t\t\t\t<div class=\"elementor-element elementor-element-bd74f32 elementor-widget elementor-widget-text-editor\" data-id=\"bd74f32\" data-element_type=\"widget\" data-widget_type=\"text-editor.default\">\n\t\t\t\t<div class=\"elementor-widget-container\">\n\t\t\t\t\t\t\t\t\t<p>En todos los sentidos, el yoga asana es un ant\u00eddoto perfecto para las tensiones f\u00edsicas y mentales de nuestra vida moderna. F\u00edsicamente, el yoga puede ayudar: a un corredor a evitar piernas tensas, a un trabajador de oficina a evitar una postura encorvada, a un atleta a mantenerse \u00e1gil y a todos a mantenerse m\u00f3viles a medida que envejecemos.&nbsp;<\/p><p>En nuestra vida llena de estr\u00e9s, distracciones constantes y b\u00fasqueda de \u00e9xito objetivo, las clases de yoga asana tambi\u00e9n son una pr\u00e1ctica de autoindagaci\u00f3n utilizando el cuerpo y la respiraci\u00f3n como veh\u00edculo para ello.<\/p>\n<p>Cursos de yoga en San Juan de Alicante, a 5 minutos de la playa de San Juan.<\/p>\t\t\t\t\t\t\t\t<\/div>\n\t\t\t\t<\/div>\n\t\t\t\t\t<\/div>\n\t\t<\/div>\n\t\t\t\t\t<\/div>\n\t\t<\/section>\n\t\t\t\t<section class=\"elementor-section elementor-top-section elementor-element elementor-element-3ef3e1f elementor-section-boxed elementor-section-height-default elementor-section-height-default\" data-id=\"3ef3e1f\" data-element_type=\"section\">\n\t\t\t\t\t\t<div class=\"elementor-container elementor-column-gap-default\">\n\t\t\t\t\t<div class=\"elementor-column elementor-col-33 elementor-top-column elementor-element elementor-element-d9d08c2\" data-id=\"d9d08c2\" data-element_type=\"column\">\n\t\t\t<div class=\"elementor-widget-wrap elementor-element-populated\">\n\t\t\t\t\t\t<div class=\"elementor-element elementor-element-6897e54 elementor-widget elementor-widget-text-editor\" data-id=\"6897e54\" data-element_type=\"widget\" data-widget_type=\"text-editor.default\">\n\t\t\t\t<div class=\"elementor-widget-container\">\n\t\t\t\t\t\t\t\t\t<p><\/p>\n<h3 id=\"mce_24\" class=\"wp-block-heading has-text-align-center\">\u00bfD\u00f3nde?<\/h3>\n<p> <\/p>\n<p class=\"has-text-align-center\"><strong>Cl\u00ednica de Fisioterapia TrobaSalut<\/strong><br \/><br \/>Plaza Fil\u00f3sofa Hannah Arendt, C. Cervantes, 22<br \/>03550 <strong>Sant Joan d&#8217;Alacant<\/strong><\/p>\n<p><\/p>\t\t\t\t\t\t\t\t<\/div>\n\t\t\t\t<\/div>\n\t\t\t\t\t<\/div>\n\t\t<\/div>\n\t\t\t\t<div class=\"elementor-column elementor-col-33 elementor-top-column elementor-element elementor-element-fa5712e\" data-id=\"fa5712e\" data-element_type=\"column\">\n\t\t\t<div class=\"elementor-widget-wrap elementor-element-populated\">\n\t\t\t\t\t\t<div class=\"elementor-element elementor-element-86924d1 elementor-widget elementor-widget-text-editor\" data-id=\"86924d1\" data-element_type=\"widget\" data-widget_type=\"text-editor.default\">\n\t\t\t\t<div class=\"elementor-widget-container\">\n\t\t\t\t\t\t\t\t\t<h3 id=\"mce_25\" class=\"wp-block-heading has-text-align-center\">\u00bfCu\u00e1ndo?<\/h3><p data-start=\"103\" data-end=\"117\"><strong data-start=\"106\" data-end=\"115\">\ud83d\uddd3 Lunes<\/strong><\/p><ul data-start=\"118\" data-end=\"210\"><li data-start=\"136\" data-end=\"153\">09:00 \u2013 10:15<\/li><li data-start=\"136\" data-end=\"153\">17:30 &#8211; 18:45<\/li><li data-start=\"154\" data-end=\"171\">19:00 \u2013 20:15<\/li><\/ul><p data-start=\"212\" data-end=\"230\">\ud83d\uddd3 <strong data-start=\"215\" data-end=\"228\">Mi\u00e9rcoles<\/strong><\/p><ul data-start=\"231\" data-end=\"319\"><li data-start=\"249\" data-end=\"266\">09:00 \u2013 10:15<\/li><li data-start=\"249\" data-end=\"266\">17:30 &#8211; 18:45<\/li><li data-start=\"267\" data-end=\"284\">19:00 \u2013 20:15<\/li><\/ul><p data-start=\"321\" data-end=\"337\">\ud83d\uddd3 <strong data-start=\"324\" data-end=\"335\">Viernes<\/strong><\/p><ul data-start=\"338\" data-end=\"355\"><li data-start=\"338\" data-end=\"355\">19:00 \u2013 20:15<\/li><\/ul>\t\t\t\t\t\t\t\t<\/div>\n\t\t\t\t<\/div>\n\t\t\t\t\t<\/div>\n\t\t<\/div>\n\t\t\t\t<div class=\"elementor-column elementor-col-33 elementor-top-column elementor-element elementor-element-ad0e0b5\" data-id=\"ad0e0b5\" data-element_type=\"column\">\n\t\t\t<div class=\"elementor-widget-wrap elementor-element-populated\">\n\t\t\t\t\t\t<div class=\"elementor-element elementor-element-dbf3535 elementor-widget elementor-widget-text-editor\" data-id=\"dbf3535\" data-element_type=\"widget\" data-widget_type=\"text-editor.default\">\n\t\t\t\t<div class=\"elementor-widget-container\">\n\t\t\t\t\t\t\t\t\t<h3 id=\"mce_29\" class=\"wp-block-heading has-text-align-center\">Tarifa<\/h3>\n<ul>\n<li data-start=\"107\" data-end=\"145\"><strong data-start=\"109\" data-end=\"131\">1 clase por semana<\/strong> \u2192 35\u20ac \/ mes<\/li>\n<li data-start=\"146\" data-end=\"185\"><strong data-start=\"148\" data-end=\"171\">2 clases por semana<\/strong> \u2192 50\u20ac \/ mes<\/li>\n<li data-start=\"186\" data-end=\"211\"><strong data-start=\"188\" data-end=\"204\">Clase suelta<\/strong> \u2192 10\u20ac<\/li>\n<\/ul>\t\t\t\t\t\t\t\t<\/div>\n\t\t\t\t<\/div>\n\t\t\t\t\t<\/div>\n\t\t<\/div>\n\t\t\t\t\t<\/div>\n\t\t<\/section>\n\t\t\t\t<section class=\"elementor-section elementor-top-section elementor-element elementor-element-a8ad009 elementor-section-boxed elementor-section-height-default elementor-section-height-default\" data-id=\"a8ad009\" data-element_type=\"section\">\n\t\t\t\t\t\t<div class=\"elementor-container elementor-column-gap-default\">\n\t\t\t\t\t<div class=\"elementor-column elementor-col-100 elementor-top-column elementor-element elementor-element-751cba8\" data-id=\"751cba8\" data-element_type=\"column\">\n\t\t\t<div class=\"elementor-widget-wrap elementor-element-populated\">\n\t\t\t\t\t\t<div class=\"elementor-element elementor-element-25f8f88 elementor-widget elementor-widget-google_maps\" data-id=\"25f8f88\" data-element_type=\"widget\" data-widget_type=\"google_maps.default\">\n\t\t\t\t<div class=\"elementor-widget-container\">\n\t\t\t\t\t\t\t<div class=\"elementor-custom-embed\">\n\t\t\t<iframe loading=\"lazy\"\n\t\t\t\t\tsrc=\"https:\/\/www.google.com\/maps\/embed\/v1\/place?key=AIzaSyD2ldjwf8uDRU3smI30ZVvereALtOrn6Io&#038;q=trobasalut&#038;zoom=10\"\n\t\t\t\t\ttitle=\"trobasalut\"\n\t\t\t\t\taria-label=\"trobasalut\"\n\t\t\t><\/iframe>\n\t\t<\/div>\n\t\t\t\t\t\t<\/div>\n\t\t\t\t<\/div>\n\t\t\t\t\t<\/div>\n\t\t<\/div>\n\t\t\t\t\t<\/div>\n\t\t<\/section>\n\t\t\t\t<\/div>\n\t\t","protected":false},"excerpt":{"rendered":"<p>En todos los sentidos, el yoga asana es un ant\u00eddoto perfecto para las tensiones f\u00edsicas y mentales de nuestra vida moderna. F\u00edsicamente, el yoga puede ayudar: a un corredor a evitar piernas tensas, a un trabajador de oficina a evitar una postura encorvada, a un atleta a mantenerse \u00e1gil y a todos a mantenerse m\u00f3viles a medida que envejecemos.&nbsp; En nuestra vida llena de estr\u00e9s, distracciones constantes y b\u00fasqueda de \u00e9xito objetivo, las clases de [&hellip;]<\/p>\n","protected":false},"author":1,"featured_media":0,"parent":0,"menu_order":0,"comment_status":"closed","ping_status":"closed","template":"","meta":{"jetpack_post_was_ever_published":false,"inspiro_page_layout":"narrow","inspiro_hide_title":false,"footnotes":""},"class_list":["post-216","page","type-page","status-publish","hentry"],"yoast_head":"<!-- This site is optimized with the Yoast SEO plugin v25.7 - https:\/\/yoast.com\/wordpress\/plugins\/seo\/ -->\n<title>PauThaiYoga - Yoga y Masaje Tailand\u00e9s - Cursos de Yoga en San Juan de Alicante (Sant Joan d&#039;Alacant)<\/title>\n<meta name=\"description\" content=\"Cursos de Hatha Yoga en San Juan de Alicante (Sant Joan d&#039;Alacant). Clases particulares y grupales a domicilio. Profesor de yoga certificado por la Yoga Alliance.\" \/>\n<meta name=\"robots\" content=\"index, follow, max-snippet:-1, max-image-preview:large, max-video-preview:-1\" \/>\n<link rel=\"canonical\" href=\"https:\/\/pauthaiyoga.com\/es\/cursos-y-tarifas\/\" \/>\n<meta property=\"og:locale\" content=\"es_ES\" \/>\n<meta property=\"og:type\" content=\"article\" \/>\n<meta property=\"og:title\" content=\"PauThaiYoga - Yoga y Masaje Tailand\u00e9s - Cursos de Yoga en San Juan de Alicante (Sant Joan d&#039;Alacant)\" \/>\n<meta property=\"og:description\" content=\"Cursos de Hatha Yoga en San Juan de Alicante (Sant Joan d&#039;Alacant). Clases particulares y grupales a domicilio. Profesor de yoga certificado por la Yoga Alliance.\" \/>\n<meta property=\"og:url\" content=\"https:\/\/pauthaiyoga.com\/es\/cursos-y-tarifas\/\" \/>\n<meta property=\"og:site_name\" content=\"PauThaiYoga - Yoga y Masaje Tailand\u00e9s\" \/>\n<meta property=\"article:modified_time\" content=\"2025-09-24T13:00:53+00:00\" \/>\n<meta name=\"twitter:card\" content=\"summary_large_image\" \/>\n<meta name=\"twitter:label1\" content=\"Est. reading time\" \/>\n\t<meta name=\"twitter:data1\" content=\"1 minuto\" \/>\n<script type=\"application\/ld+json\" class=\"yoast-schema-graph\">{\"@context\":\"https:\/\/schema.org\",\"@graph\":[{\"@type\":\"WebPage\",\"@id\":\"https:\/\/pauthaiyoga.com\/es\/cursos-y-tarifas\/\",\"url\":\"https:\/\/pauthaiyoga.com\/es\/cursos-y-tarifas\/\",\"name\":\"PauThaiYoga - Yoga y Masaje Tailand\u00e9s - Cursos de Yoga en San Juan de Alicante (Sant Joan d'Alacant)\",\"isPartOf\":{\"@id\":\"https:\/\/pauthaiyoga.com\/es\/#website\"},\"datePublished\":\"2018-04-25T04:52:01+00:00\",\"dateModified\":\"2025-09-24T13:00:53+00:00\",\"description\":\"Cursos de Hatha Yoga en San Juan de Alicante (Sant Joan d'Alacant). Clases particulares y grupales a domicilio. Profesor de yoga certificado por la Yoga Alliance.\",\"breadcrumb\":{\"@id\":\"https:\/\/pauthaiyoga.com\/es\/cursos-y-tarifas\/#breadcrumb\"},\"inLanguage\":\"es\",\"potentialAction\":[{\"@type\":\"ReadAction\",\"target\":[\"https:\/\/pauthaiyoga.com\/es\/cursos-y-tarifas\/\"]}]},{\"@type\":\"BreadcrumbList\",\"@id\":\"https:\/\/pauthaiyoga.com\/es\/cursos-y-tarifas\/#breadcrumb\",\"itemListElement\":[{\"@type\":\"ListItem\",\"position\":1,\"name\":\"Portada\",\"item\":\"https:\/\/pauthaiyoga.com\/es\/\"},{\"@type\":\"ListItem\",\"position\":2,\"name\":\"Clases de Yoga en Sant Joan d&#8217;Alacant | Cursos y tarifas\"}]},{\"@type\":\"WebSite\",\"@id\":\"https:\/\/pauthaiyoga.com\/es\/#website\",\"url\":\"https:\/\/pauthaiyoga.com\/es\/\",\"name\":\"PauThaiYoga - Yoga y Masaje Tailand\u00e9s\",\"description\":\"Hatha Yoga y Masaje Tailand\u00e9s en San Juan de Alicante\",\"publisher\":{\"@id\":\"https:\/\/pauthaiyoga.com\/es\/#organization\"},\"potentialAction\":[{\"@type\":\"SearchAction\",\"target\":{\"@type\":\"EntryPoint\",\"urlTemplate\":\"https:\/\/pauthaiyoga.com\/es\/?s={search_term_string}\"},\"query-input\":{\"@type\":\"PropertyValueSpecification\",\"valueRequired\":true,\"valueName\":\"search_term_string\"}}],\"inLanguage\":\"es\"},{\"@type\":\"Organization\",\"@id\":\"https:\/\/pauthaiyoga.com\/es\/#organization\",\"name\":\"PauThaiYoga - Yoga y Masaje Tailand\u00e9s\",\"url\":\"https:\/\/pauthaiyoga.com\/es\/\",\"logo\":{\"@type\":\"ImageObject\",\"inLanguage\":\"es\",\"@id\":\"https:\/\/pauthaiyoga.com\/es\/#\/schema\/logo\/image\/\",\"url\":\"https:\/\/pauthaiyoga.com\/wp-content\/uploads\/2023\/07\/logo-pauthaiyoga-2-e1688898788956.png\",\"contentUrl\":\"https:\/\/pauthaiyoga.com\/wp-content\/uploads\/2023\/07\/logo-pauthaiyoga-2-e1688898788956.png\",\"width\":558,\"height\":120,\"caption\":\"PauThaiYoga - Yoga y Masaje Tailand\u00e9s\"},\"image\":{\"@id\":\"https:\/\/pauthaiyoga.com\/es\/#\/schema\/logo\/image\/\"}}]}<\/script>\n<!-- \/ Yoast SEO plugin. -->","yoast_head_json":{"title":"PauThaiYoga - Yoga y Masaje Tailand\u00e9s - Cursos de Yoga en San Juan de Alicante (Sant Joan d'Alacant)","description":"Cursos de Hatha Yoga en San Juan de Alicante (Sant Joan d'Alacant). Clases particulares y grupales a domicilio. Profesor de yoga certificado por la Yoga Alliance.","robots":{"index":"index","follow":"follow","max-snippet":"max-snippet:-1","max-image-preview":"max-image-preview:large","max-video-preview":"max-video-preview:-1"},"canonical":"https:\/\/pauthaiyoga.com\/es\/cursos-y-tarifas\/","og_locale":"es_ES","og_type":"article","og_title":"PauThaiYoga - Yoga y Masaje Tailand\u00e9s - Cursos de Yoga en San Juan de Alicante (Sant Joan d'Alacant)","og_description":"Cursos de Hatha Yoga en San Juan de Alicante (Sant Joan d'Alacant). Clases particulares y grupales a domicilio. Profesor de yoga certificado por la Yoga Alliance.","og_url":"https:\/\/pauthaiyoga.com\/es\/cursos-y-tarifas\/","og_site_name":"PauThaiYoga - Yoga y Masaje Tailand\u00e9s","article_modified_time":"2025-09-24T13:00:53+00:00","twitter_card":"summary_large_image","twitter_misc":{"Est. reading time":"1 minuto"},"schema":{"@context":"https:\/\/schema.org","@graph":[{"@type":"WebPage","@id":"https:\/\/pauthaiyoga.com\/es\/cursos-y-tarifas\/","url":"https:\/\/pauthaiyoga.com\/es\/cursos-y-tarifas\/","name":"PauThaiYoga - Yoga y Masaje Tailand\u00e9s - Cursos de Yoga en San Juan de Alicante (Sant Joan d'Alacant)","isPartOf":{"@id":"https:\/\/pauthaiyoga.com\/es\/#website"},"datePublished":"2018-04-25T04:52:01+00:00","dateModified":"2025-09-24T13:00:53+00:00","description":"Cursos de Hatha Yoga en San Juan de Alicante (Sant Joan d'Alacant). Clases particulares y grupales a domicilio. Profesor de yoga certificado por la Yoga Alliance.","breadcrumb":{"@id":"https:\/\/pauthaiyoga.com\/es\/cursos-y-tarifas\/#breadcrumb"},"inLanguage":"es","potentialAction":[{"@type":"ReadAction","target":["https:\/\/pauthaiyoga.com\/es\/cursos-y-tarifas\/"]}]},{"@type":"BreadcrumbList","@id":"https:\/\/pauthaiyoga.com\/es\/cursos-y-tarifas\/#breadcrumb","itemListElement":[{"@type":"ListItem","position":1,"name":"Portada","item":"https:\/\/pauthaiyoga.com\/es\/"},{"@type":"ListItem","position":2,"name":"Clases de Yoga en Sant Joan d&#8217;Alacant | Cursos y tarifas"}]},{"@type":"WebSite","@id":"https:\/\/pauthaiyoga.com\/es\/#website","url":"https:\/\/pauthaiyoga.com\/es\/","name":"PauThaiYoga - Yoga y Masaje Tailand\u00e9s","description":"Hatha Yoga y Masaje Tailand\u00e9s en San Juan de Alicante","publisher":{"@id":"https:\/\/pauthaiyoga.com\/es\/#organization"},"potentialAction":[{"@type":"SearchAction","target":{"@type":"EntryPoint","urlTemplate":"https:\/\/pauthaiyoga.com\/es\/?s={search_term_string}"},"query-input":{"@type":"PropertyValueSpecification","valueRequired":true,"valueName":"search_term_string"}}],"inLanguage":"es"},{"@type":"Organization","@id":"https:\/\/pauthaiyoga.com\/es\/#organization","name":"PauThaiYoga - Yoga y Masaje Tailand\u00e9s","url":"https:\/\/pauthaiyoga.com\/es\/","logo":{"@type":"ImageObject","inLanguage":"es","@id":"https:\/\/pauthaiyoga.com\/es\/#\/schema\/logo\/image\/","url":"https:\/\/pauthaiyoga.com\/wp-content\/uploads\/2023\/07\/logo-pauthaiyoga-2-e1688898788956.png","contentUrl":"https:\/\/pauthaiyoga.com\/wp-content\/uploads\/2023\/07\/logo-pauthaiyoga-2-e1688898788956.png","width":558,"height":120,"caption":"PauThaiYoga - Yoga y Masaje Tailand\u00e9s"},"image":{"@id":"https:\/\/pauthaiyoga.com\/es\/#\/schema\/logo\/image\/"}}]}},"jetpack_sharing_enabled":true,"jetpack_shortlink":"https:\/\/wp.me\/P9T4uJ-3u","_links":{"self":[{"href":"https:\/\/pauthaiyoga.com\/es\/wp-json\/wp\/v2\/pages\/216","targetHints":{"allow":["GET"]}}],"collection":[{"href":"https:\/\/pauthaiyoga.com\/es\/wp-json\/wp\/v2\/pages"}],"about":[{"href":"https:\/\/pauthaiyoga.com\/es\/wp-json\/wp\/v2\/types\/page"}],"author":[{"embeddable":true,"href":"https:\/\/pauthaiyoga.com\/es\/wp-json\/wp\/v2\/users\/1"}],"replies":[{"embeddable":true,"href":"https:\/\/pauthaiyoga.com\/es\/wp-json\/wp\/v2\/comments?post=216"}],"version-history":[{"count":117,"href":"https:\/\/pauthaiyoga.com\/es\/wp-json\/wp\/v2\/pages\/216\/revisions"}],"predecessor-version":[{"id":7872,"href":"https:\/\/pauthaiyoga.com\/es\/wp-json\/wp\/v2\/pages\/216\/revisions\/7872"}],"wp:attachment":[{"href":"https:\/\/pauthaiyoga.com\/es\/wp-json\/wp\/v2\/media?parent=216"}],"curies":[{"name":"wp","href":"https:\/\/api.w.org\/{rel}","templated":true}]}}